{"id":799,"date":"2015-01-22T18:33:14","date_gmt":"2015-01-22T16:33:14","guid":{"rendered":"http:\/\/www.egelitercume.com\/hizmetlerimiz\/yazilim-tercumesi\/"},"modified":"2017-12-26T15:28:36","modified_gmt":"2017-12-26T12:28:36","slug":"yazilim-tercumesi","status":"publish","type":"page","link":"http:\/\/www.egelitercume.com\/fr\/hizmetlerimiz\/yazilim-tercumesi\/","title":{"rendered":"Traduction de Logiciel"},"content":{"rendered":"<p>[vc_row][vc_column width=\u00a0\u00bb2\/3&Prime;][vc_column_text]<strong>Traduction de Logiciel<\/strong><\/p>\n<p>Les traductions de logiciel connu \u00e9galement sous le nom d\u2019adaptation de logiciel, sont plus co\u00fbteuses en termes de temps et d\u2019argent par rapport aux autres types de traduction. Ces traductions peuvent \u00eatre faites par des personnes ayant des connaissances pour les multiples logiciels. Si vous souhaitez que vos traductions soient effectu\u00e9es en plusieurs langues, vous avez besoin de personnes maitrisant ces langues, expertes en logiciel et ayant la capacit\u00e9 de s\u2019adresser aux utilisateurs.<\/p>\n<p>La traduction de logiciel est importante dans la mesure o\u00f9 elle doit \u00eatre adapt\u00e9e au pays destin\u00e9. Ce processus est important pour atteindre le plus grand nombre de personnes \u00e0 long terme, pour augmenter la part de march\u00e9 et pour une utilisation efficace. Lors de la traduction, les exigences culturelles du pays et les besoins techniques du produit doivent \u00eatre pris en compte. L\u2019adaptation et la traduction du logiciel doivent \u00eatre faite avec le contenu complet et les options du produit.<\/p>\n<p><strong>\u00a0<\/strong>[\/vc_column_text][\/vc_column][vc_column width=\u00a0\u00bb1\/3&Prime;]<div data-id=\"mpc_image-5769f5ab9ee5412\" onclick=\"\" class=\"mpc-image mpc-init mpc-effect--reverse mpc-fullwidth \" ><div class=\"mpc-item mpc-transition\"><img loading=\"lazy\" decoding=\"async\" width=\"500\" height=\"500\" src=\"http:\/\/www.egelitercume.com\/wp-content\/uploads\/Yazilim-Tercumesi.jpg\" class=\"mpc-transition attachment-full\" alt=\"Yazilim Tercumesi\" srcset=\"http:\/\/www.egelitercume.com\/wp-content\/uploads\/Yazilim-Tercumesi.jpg 500w, http:\/\/www.egelitercume.com\/wp-content\/uploads\/Yazilim-Tercumesi-150x150.jpg 150w, http:\/\/www.egelitercume.com\/wp-content\/uploads\/Yazilim-Tercumesi-300x300.jpg 300w\" sizes=\"auto, (max-width:767px) 500px, 500px\" \/><\/div><\/div>[\/vc_column][\/vc_row]<\/p>\n","protected":false},"excerpt":{"rendered":"<p>[vc_row][vc_column width=\u00a0\u00bb2\/3&Prime;][vc_column_text]Traduction de Logiciel Les traductions de logiciel connu \u00e9galement sous le nom d\u2019adaptation de logiciel, sont plus co\u00fbteuses en termes de temps et d\u2019argent par<\/p>\n","protected":false},"author":1,"featured_media":0,"parent":2331,"menu_order":0,"comment_status":"open","ping_status":"open","template":"","meta":{"footnotes":""},"yst_prominent_words":[],"class_list":["post-799","page","type-page","status-publish","hentry"],"_links":{"self":[{"href":"http:\/\/www.egelitercume.com\/fr\/wp-json\/wp\/v2\/pages\/799","targetHints":{"allow":["GET"]}}],"collection":[{"href":"http:\/\/www.egelitercume.com\/fr\/wp-json\/wp\/v2\/pages"}],"about":[{"href":"http:\/\/www.egelitercume.com\/fr\/wp-json\/wp\/v2\/types\/page"}],"author":[{"embeddable":true,"href":"http:\/\/www.egelitercume.com\/fr\/wp-json\/wp\/v2\/users\/1"}],"replies":[{"embeddable":true,"href":"http:\/\/www.egelitercume.com\/fr\/wp-json\/wp\/v2\/comments?post=799"}],"version-history":[{"count":2,"href":"http:\/\/www.egelitercume.com\/fr\/wp-json\/wp\/v2\/pages\/799\/revisions"}],"predecessor-version":[{"id":2343,"href":"http:\/\/www.egelitercume.com\/fr\/wp-json\/wp\/v2\/pages\/799\/revisions\/2343"}],"up":[{"embeddable":true,"href":"http:\/\/www.egelitercume.com\/fr\/wp-json\/wp\/v2\/pages\/2331"}],"wp:attachment":[{"href":"http:\/\/www.egelitercume.com\/fr\/wp-json\/wp\/v2\/media?parent=799"}],"wp:term":[{"taxonomy":"yst_prominent_words","embeddable":true,"href":"http:\/\/www.egelitercume.com\/fr\/wp-json\/wp\/v2\/yst_prominent_words?post=799"}],"curies":[{"name":"wp","href":"https:\/\/api.w.org\/{rel}","templated":true}]}}