{"id":795,"date":"2015-01-22T18:34:13","date_gmt":"2015-01-22T16:34:13","guid":{"rendered":"http:\/\/www.egelitercume.com\/hizmetlerimiz\/web-site-tercumesi\/"},"modified":"2017-12-26T15:29:48","modified_gmt":"2017-12-26T12:29:48","slug":"web-site-tercumesi","status":"publish","type":"page","link":"http:\/\/www.egelitercume.com\/fr\/hizmetlerimiz\/web-site-tercumesi\/","title":{"rendered":"Traduction de Site Internet"},"content":{"rendered":"<p>[vc_row][vc_column width=\u00a0\u00bb2\/3&Prime;][vc_column_text]<strong>Traduction de Site Internet<\/strong><\/p>\n<p>Dans le monde commercial en \u00e9volution permanante, (\u00f6nemsiz bir de\u011fi\u015fiklik ama bu daha do\u011fru) les sites Internet sont devenus une partie indispensable de l\u2019activit\u00e9 de l\u2019entreprise. Il faut noter que la pr\u00e9sentation en plusieurs langues du site internet de votre entreprise reste la premi\u00e8re ouverture au niveau international.<\/p>\n<p>Il est tr\u00e8s important que les traductions en langues \u00e9trang\u00e8res refl\u00e8tent correctement le contenu de votre site internet, augmentent votre pr\u00e9sence sur le march\u00e9 ext\u00e9rieur et permettent de vous faire connaitre.<\/p>\n<p><strong>Etant Bureau de Traduction Egeli<\/strong>, notre travail consiste \u00e0 vous assister afin que votre site internet permette \u00e0 votre entreprise de s\u2019exprimer et se faire connaitre, renforcer et augmenter sa position. Nous savons que votre site internet est la vitrine de votre entreprise et proposons nos services exp\u00e9riment\u00e9s avec notre infrastructure technologique, fictive et syst\u00e9matique.<\/p>\n<p><strong>\u00a0<\/strong>[\/vc_column_text][\/vc_column][vc_column width=\u00a0\u00bb1\/3&Prime;]<div data-id=\"mpc_image-6469da2751b0a69\" onclick=\"\" class=\"mpc-image mpc-init mpc-effect--reverse mpc-fullwidth \" ><div class=\"mpc-item mpc-transition\"><img loading=\"lazy\" decoding=\"async\" width=\"500\" height=\"500\" src=\"http:\/\/www.egelitercume.com\/wp-content\/uploads\/Web-Site-Tercumesi.jpg\" class=\"mpc-transition attachment-full\" alt=\"Web Site Tercumesi\" srcset=\"http:\/\/www.egelitercume.com\/wp-content\/uploads\/Web-Site-Tercumesi.jpg 500w, http:\/\/www.egelitercume.com\/wp-content\/uploads\/Web-Site-Tercumesi-150x150.jpg 150w, http:\/\/www.egelitercume.com\/wp-content\/uploads\/Web-Site-Tercumesi-300x300.jpg 300w\" sizes=\"auto, (max-width:767px) 500px, 500px\" \/><\/div><\/div>[\/vc_column][\/vc_row]<\/p>\n","protected":false},"excerpt":{"rendered":"<p>[vc_row][vc_column width=\u00a0\u00bb2\/3&Prime;][vc_column_text]Traduction de Site Internet Dans le monde commercial en \u00e9volution permanante, (\u00f6nemsiz bir de\u011fi\u015fiklik ama bu daha do\u011fru) les sites Internet sont devenus une partie<\/p>\n","protected":false},"author":1,"featured_media":0,"parent":2331,"menu_order":0,"comment_status":"open","ping_status":"open","template":"","meta":{"footnotes":""},"yst_prominent_words":[],"class_list":["post-795","page","type-page","status-publish","hentry"],"_links":{"self":[{"href":"http:\/\/www.egelitercume.com\/fr\/wp-json\/wp\/v2\/pages\/795","targetHints":{"allow":["GET"]}}],"collection":[{"href":"http:\/\/www.egelitercume.com\/fr\/wp-json\/wp\/v2\/pages"}],"about":[{"href":"http:\/\/www.egelitercume.com\/fr\/wp-json\/wp\/v2\/types\/page"}],"author":[{"embeddable":true,"href":"http:\/\/www.egelitercume.com\/fr\/wp-json\/wp\/v2\/users\/1"}],"replies":[{"embeddable":true,"href":"http:\/\/www.egelitercume.com\/fr\/wp-json\/wp\/v2\/comments?post=795"}],"version-history":[{"count":2,"href":"http:\/\/www.egelitercume.com\/fr\/wp-json\/wp\/v2\/pages\/795\/revisions"}],"predecessor-version":[{"id":2347,"href":"http:\/\/www.egelitercume.com\/fr\/wp-json\/wp\/v2\/pages\/795\/revisions\/2347"}],"up":[{"embeddable":true,"href":"http:\/\/www.egelitercume.com\/fr\/wp-json\/wp\/v2\/pages\/2331"}],"wp:attachment":[{"href":"http:\/\/www.egelitercume.com\/fr\/wp-json\/wp\/v2\/media?parent=795"}],"wp:term":[{"taxonomy":"yst_prominent_words","embeddable":true,"href":"http:\/\/www.egelitercume.com\/fr\/wp-json\/wp\/v2\/yst_prominent_words?post=795"}],"curies":[{"name":"wp","href":"https:\/\/api.w.org\/{rel}","templated":true}]}}