{"id":791,"date":"2015-01-22T18:30:29","date_gmt":"2015-01-22T16:30:29","guid":{"rendered":"http:\/\/www.egelitercume.com\/hizmetlerimiz\/ticari-tercume\/"},"modified":"2017-12-26T16:18:59","modified_gmt":"2017-12-26T13:18:59","slug":"ticari-tercume","status":"publish","type":"page","link":"http:\/\/www.egelitercume.com\/fr\/hizmetlerimiz\/ticari-tercume\/","title":{"rendered":"Traduction Commerciale"},"content":{"rendered":"<p>[vc_row][vc_column width=\u00a0\u00bb2\/3&Prime;][vc_column_text]<strong>Ticari Terc\u00fcme<\/strong><\/p>\n<p>Ticari terc\u00fcme terimi geni\u015f bir anlam bar\u0131nd\u0131rarak i\u00e7erisinde teknik, finans, hukuki terc\u00fcmeleri gibi alanlar\u0131 kapsamaktad\u0131r. Genel olarak ticari belgeler, yaz\u0131\u015fmalar, raporlar ve ara\u015ft\u0131rmalar ticari teklifler, ihale d\u00f6k\u00fcmanlar\u0131 gibi metinlerin terc\u00fcme edilmesidir.<\/p>\n<p><strong>Egeli Terc\u00fcme b\u00fcrosu<\/strong> olarak, her \u00f6l\u00e7ekteki b\u00fct\u00fcn ticari \u00e7eviri ihtiya\u00e7lar\u0131n\u0131 kar\u015f\u0131layacak uzman \u00e7evirmen kadrosu ile yapt\u0131\u011f\u0131 \u00e7evirileri tam zaman\u0131nda teslim etmeyi ilke edinmi\u015ftir.<\/p>\n<p><strong>Ticari Terc\u00fcmede alan\u0131nda verdi\u011fimiz hizmetlerimiz;<\/strong><\/p>\n<ul>\n<li>Kira S\u00f6zle\u015fmesi Terc\u00fcmesi<\/li>\n<li>\u0130n\u015faat S\u00f6zle\u015fmesi Terc\u00fcmesi<\/li>\n<li>Bayilik S\u00f6zle\u015fmesi Terc\u00fcmesi<\/li>\n<li>Kredi S\u00f6zle\u015fmesi Terc\u00fcmesi<\/li>\n<li>Ta\u015feron S\u00f6zle\u015fmesi Terc\u00fcmesi<\/li>\n<li>Teminat Mektubu Terc\u00fcmesi<\/li>\n<li>Kurulu\u015f Mukavelesi S\u00f6zle\u015fmesi<\/li>\n<li>\u0130rsaliye Terc\u00fcmesi<\/li>\n<li>Pazarlama Raporu Terc\u00fcmesi<\/li>\n<li>Sat\u0131\u015f Raporu Terc\u00fcmesi<\/li>\n<li>Y\u00f6netim Kurulu Karar\u0131 Terc\u00fcmesi<\/li>\n<li>Garanti Belgesi Terc\u00fcmesi<\/li>\n<li>Al\u0131m Sat\u0131m S\u00f6zle\u015fmesi Terc\u00fcmesi<\/li>\n<li>Da\u011f\u0131t\u0131m Raporu Terc\u00fcmesi<\/li>\n<li>Ticaret Gazeteleri Terc\u00fcmesi<\/li>\n<li>Tablo Terc\u00fcmesi<\/li>\n<li>Ekspertiz Raporu Terc\u00fcmesi<\/li>\n<li>Gelir Tablosu Terc\u00fcmesi<\/li>\n<li>Lisans S\u00f6zle\u015fmesi Terc\u00fcmesi<\/li>\n<li>\u0130dari \u015eartname Terc\u00fcmesi<\/li>\n<li>Ba\u015fvuru Yaz\u0131s\u0131 Terc\u00fcmesi<\/li>\n<li>\u00c7evirisi Kira Kontrat\u0131 Terc\u00fcmesi<\/li>\n<li>\u00c7evirisi Temsilcilik S\u00f6zle\u015fmesi Terc\u00fcmesi<\/li>\n<li>\u00c7evirisi Hissedarlar S\u00f6zle\u015fmesi Terc\u00fcmesi<\/li>\n<li>\u00c7evirisi Denizcilik S\u00f6zle\u015fmesi Terc\u00fcmesi<\/li>\n<li>Gizlilik S\u00f6zle\u015fmesi Terc\u00fcmesi<\/li>\n<li>\u015eirket Ana S\u00f6zle\u015fmesi Terc\u00fcmesi<\/li>\n<li>Genel Kurur Karar\u0131 Terc\u00fcmesi<\/li>\n<li>Faaliyet Tablosu Terc\u00fcmesi<\/li>\n<li>\u0130K Raporu Terc\u00fcmesi<\/li>\n<li>Ticari Yaz\u0131\u015fma Terc\u00fcmesi<\/li>\n<li>Teknik \u015eartname Terc\u00fcmesi<\/li>\n<li>\u0130mza Sirk\u00fcleri Terc\u00fcmesi<\/li>\n<li>Bilan\u00e7o Terc\u00fcmesi<\/li>\n<li>Faaliyet Raporu Terc\u00fcmesi<\/li>\n<li>\u00dcretim Raporu Terc\u00fcmesi<\/li>\n<li>Nakit Ak\u0131\u015f Tablosu Terc\u00fcmesi<\/li>\n<li>Sigorta Poli\u00e7esi Terc\u00fcmesi<\/li>\n<li>Faaliyet Belgesi Terc\u00fcmesi<\/li>\n<li>\u0130hale \u015eartnamesi Terc\u00fcmesi<\/li>\n<\/ul>\n<p>[\/vc_column_text][\/vc_column][vc_column width=\u00a0\u00bb1\/3&Prime;]<div data-id=\"mpc_image-2769da275050581\" onclick=\"\" class=\"mpc-image mpc-init mpc-effect--reverse mpc-fullwidth \" ><div class=\"mpc-item mpc-transition\"><img loading=\"lazy\" decoding=\"async\" width=\"500\" height=\"500\" src=\"http:\/\/www.egelitercume.com\/wp-content\/uploads\/Ticari-Tercume.jpg\" class=\"mpc-transition attachment-full\" alt=\"Ticari Tercume\" srcset=\"http:\/\/www.egelitercume.com\/wp-content\/uploads\/Ticari-Tercume.jpg 500w, http:\/\/www.egelitercume.com\/wp-content\/uploads\/Ticari-Tercume-150x150.jpg 150w, http:\/\/www.egelitercume.com\/wp-content\/uploads\/Ticari-Tercume-300x300.jpg 300w\" sizes=\"auto, (max-width:767px) 500px, 500px\" \/><\/div><\/div>[\/vc_column][\/vc_row]<\/p>\n","protected":false},"excerpt":{"rendered":"<p>[vc_row][vc_column width=\u00a0\u00bb2\/3&Prime;][vc_column_text]Ticari Terc\u00fcme Ticari terc\u00fcme terimi geni\u015f bir anlam bar\u0131nd\u0131rarak i\u00e7erisinde teknik, finans, hukuki terc\u00fcmeleri gibi alanlar\u0131 kapsamaktad\u0131r. Genel olarak ticari belgeler, yaz\u0131\u015fmalar, raporlar ve ara\u015ft\u0131rmalar<\/p>\n","protected":false},"author":1,"featured_media":0,"parent":2331,"menu_order":0,"comment_status":"open","ping_status":"open","template":"","meta":{"footnotes":""},"yst_prominent_words":[],"class_list":["post-791","page","type-page","status-publish","hentry"],"_links":{"self":[{"href":"http:\/\/www.egelitercume.com\/fr\/wp-json\/wp\/v2\/pages\/791","targetHints":{"allow":["GET"]}}],"collection":[{"href":"http:\/\/www.egelitercume.com\/fr\/wp-json\/wp\/v2\/pages"}],"about":[{"href":"http:\/\/www.egelitercume.com\/fr\/wp-json\/wp\/v2\/types\/page"}],"author":[{"embeddable":true,"href":"http:\/\/www.egelitercume.com\/fr\/wp-json\/wp\/v2\/users\/1"}],"replies":[{"embeddable":true,"href":"http:\/\/www.egelitercume.com\/fr\/wp-json\/wp\/v2\/comments?post=791"}],"version-history":[{"count":2,"href":"http:\/\/www.egelitercume.com\/fr\/wp-json\/wp\/v2\/pages\/791\/revisions"}],"predecessor-version":[{"id":2359,"href":"http:\/\/www.egelitercume.com\/fr\/wp-json\/wp\/v2\/pages\/791\/revisions\/2359"}],"up":[{"embeddable":true,"href":"http:\/\/www.egelitercume.com\/fr\/wp-json\/wp\/v2\/pages\/2331"}],"wp:attachment":[{"href":"http:\/\/www.egelitercume.com\/fr\/wp-json\/wp\/v2\/media?parent=791"}],"wp:term":[{"taxonomy":"yst_prominent_words","embeddable":true,"href":"http:\/\/www.egelitercume.com\/fr\/wp-json\/wp\/v2\/yst_prominent_words?post=791"}],"curies":[{"name":"wp","href":"https:\/\/api.w.org\/{rel}","templated":true}]}}