{"id":787,"date":"2015-01-22T18:08:35","date_gmt":"2015-01-22T16:08:35","guid":{"rendered":"http:\/\/www.egelitercume.com\/hizmetlerimiz\/tibbi-tercume\/"},"modified":"2017-12-26T16:17:56","modified_gmt":"2017-12-26T13:17:56","slug":"tibbi-tercume","status":"publish","type":"page","link":"http:\/\/www.egelitercume.com\/fr\/hizmetlerimiz\/tibbi-tercume\/","title":{"rendered":"Traduction M\u00e9dicale"},"content":{"rendered":"<p>[vc_row][vc_column width=\u00a0\u00bb2\/3&Prime;][vc_column_text]<strong>Traduction M\u00e9dicale<\/strong><\/p>\n<p>La traduction dans le domaine de la m\u00e9dicine ou la traduction m\u00e9dicale est l\u2019une des plus importantes parmi d\u2019autres. Comme dans les autres domaines de traduction, la traduction m\u00e9dicale n\u00e9cessite du soin et de la pr\u00e9cision. Dans le monde m\u00e9dical, la traduction de haute qualit\u00e9 est une n\u00e9cessit\u00e9 et non un luxe. La traduction m\u00e9dicale\/de m\u00e9decine n\u00e9cessite un haut niveau d&rsquo;expertise et ne doit \u00eatre effectu\u00e9e que par un expert sur ce sujet.\u00a0<strong>Le Bureau de Traduction Egeli<\/strong><strong>, <\/strong>r\u00e9alise les traductions dont vous avez besoin dans le domaine m\u00e9dical avec l\u2019exp\u00e9rience et les connaissances de son \u00e9quipe de traducteurs professionnels.<\/p>\n<p><strong>Nos services de traduction dans le domaine m\u00e9dical : <\/strong><\/p>\n<ul>\n<li>Rapport Criminalistique<\/li>\n<li>Rapport d\u2019Intervention Chirurgicale<\/li>\n<li>Rapport d\u2019Analyse<\/li>\n<li>Rapport de Recherche<\/li>\n<li>Etude Scientifique<\/li>\n<li>Article Scientifique<\/li>\n<li>Rapport Scientifique<\/li>\n<li>Rapport de M\u00e9decin<\/li>\n<li>Information du Patient<\/li>\n<li>Rapport du Patient<\/li>\n<li>Maladie<\/li>\n<li>Rapport d\u2019H\u00f4pital<\/li>\n<li>Catalogue de M\u00e9dicaments<\/li>\n<li>Brevet de M\u00e9dicaments<\/li>\n<li>Prospectus de M\u00e9dicaments<\/li>\n<li>Pr\u00e9sentation de M\u00e9dicaments<\/li>\n<li>Essai Clinique<\/li>\n<li>Rapport de Clinique<\/li>\n<li>Ecrit de Pr\u00e9sentation de Clinique<\/li>\n<li>Texte de Congres<\/li>\n<li>Equipement M\u00e9dical<\/li>\n<li>Dispositifs M\u00e9dicaux<\/li>\n<li>Equipement M\u00e9dical<\/li>\n<li>Brevet de Produit M\u00e9dical<\/li>\n<li>Publication M\u00e9dical<\/li>\n<li>D\u00e9position de Brevet<\/li>\n<li>Prospectus<\/li>\n<li>Rapport<\/li>\n<li>Ordonnance<\/li>\n<li>Sant\u00e9<\/li>\n<li>Certificat M\u00e9dical<\/li>\n<li>Certificat de Sant\u00e9<\/li>\n<li>R\u00e9sultat d\u2019Analyse<\/li>\n<li>Diagnostic<\/li>\n<li>Traitement<\/li>\n<li>Dispositif M\u00e9dical<\/li>\n<li>Mat\u00e9riel M\u00e9dical<\/li>\n<li>Document M\u00e9dical<\/li>\n<li>Brevet d\u2019Instrument M\u00e9dical<\/li>\n<li>Clause Technique d\u2019Instrument M\u00e9dical<\/li>\n<li>Instrument M\u00e9dical<\/li>\n<li>Equipement M\u00e9dical<\/li>\n<li>Livre M\u00e9dical<\/li>\n<li>Pr\u00e9sentation de Congres M\u00e9dical<\/li>\n<li>Article M\u00e9dical<\/li>\n<li>Rapport M\u00e9dical<\/li>\n<li>Dispositif de Traitement et de Diagnostic M\u00e9dical<\/li>\n<li>Application M\u00e9dical<\/li>\n<li>Brochure de Produit M\u00e9dical<\/li>\n<li>Licence de Produit M\u00e9dical<\/li>\n<li>Licence et Brevet de Produit M\u00e9dical<\/li>\n<li>Dispositif de M\u00e9decine<\/li>\n<li>Livre de M\u00e9decine<\/li>\n<li>Produit M\u00e9dical et de M\u00e9decine<\/li>\n<li>Rapport d\u2019Expert<\/li>\n<\/ul>\n<p>[\/vc_column_text][\/vc_column][vc_column width=\u00a0\u00bb1\/3&Prime;]<div data-id=\"mpc_image-6569dcab79db9af\" onclick=\"\" class=\"mpc-image mpc-init mpc-effect--reverse mpc-fullwidth \" ><div class=\"mpc-item mpc-transition\"><img loading=\"lazy\" decoding=\"async\" width=\"500\" height=\"500\" src=\"http:\/\/www.egelitercume.com\/wp-content\/uploads\/Tibbi-Tercume.jpg\" class=\"mpc-transition attachment-full\" alt=\"Tibbi Tercume\" srcset=\"http:\/\/www.egelitercume.com\/wp-content\/uploads\/Tibbi-Tercume.jpg 500w, http:\/\/www.egelitercume.com\/wp-content\/uploads\/Tibbi-Tercume-150x150.jpg 150w, http:\/\/www.egelitercume.com\/wp-content\/uploads\/Tibbi-Tercume-300x300.jpg 300w\" sizes=\"auto, (max-width:767px) 500px, 500px\" \/><\/div><\/div>[\/vc_column][\/vc_row]<\/p>\n","protected":false},"excerpt":{"rendered":"<p>[vc_row][vc_column width=\u00a0\u00bb2\/3&Prime;][vc_column_text]Traduction M\u00e9dicale La traduction dans le domaine de la m\u00e9dicine ou la traduction m\u00e9dicale est l\u2019une des plus importantes parmi d\u2019autres. Comme dans les autres<\/p>\n","protected":false},"author":1,"featured_media":0,"parent":2331,"menu_order":0,"comment_status":"open","ping_status":"open","template":"","meta":{"footnotes":""},"yst_prominent_words":[],"class_list":["post-787","page","type-page","status-publish","hentry"],"_links":{"self":[{"href":"http:\/\/www.egelitercume.com\/fr\/wp-json\/wp\/v2\/pages\/787","targetHints":{"allow":["GET"]}}],"collection":[{"href":"http:\/\/www.egelitercume.com\/fr\/wp-json\/wp\/v2\/pages"}],"about":[{"href":"http:\/\/www.egelitercume.com\/fr\/wp-json\/wp\/v2\/types\/page"}],"author":[{"embeddable":true,"href":"http:\/\/www.egelitercume.com\/fr\/wp-json\/wp\/v2\/users\/1"}],"replies":[{"embeddable":true,"href":"http:\/\/www.egelitercume.com\/fr\/wp-json\/wp\/v2\/comments?post=787"}],"version-history":[{"count":2,"href":"http:\/\/www.egelitercume.com\/fr\/wp-json\/wp\/v2\/pages\/787\/revisions"}],"predecessor-version":[{"id":2354,"href":"http:\/\/www.egelitercume.com\/fr\/wp-json\/wp\/v2\/pages\/787\/revisions\/2354"}],"up":[{"embeddable":true,"href":"http:\/\/www.egelitercume.com\/fr\/wp-json\/wp\/v2\/pages\/2331"}],"wp:attachment":[{"href":"http:\/\/www.egelitercume.com\/fr\/wp-json\/wp\/v2\/media?parent=787"}],"wp:term":[{"taxonomy":"yst_prominent_words","embeddable":true,"href":"http:\/\/www.egelitercume.com\/fr\/wp-json\/wp\/v2\/yst_prominent_words?post=787"}],"curies":[{"name":"wp","href":"https:\/\/api.w.org\/{rel}","templated":true}]}}