{"id":771,"date":"2015-01-22T17:58:22","date_gmt":"2015-01-22T15:58:22","guid":{"rendered":"http:\/\/www.egelitercume.com\/hizmetlerimiz\/multimedya-tercume\/"},"modified":"2017-12-26T16:23:35","modified_gmt":"2017-12-26T13:23:35","slug":"multimedya-tercume","status":"publish","type":"page","link":"http:\/\/www.egelitercume.com\/fr\/hizmetlerimiz\/multimedya-tercume\/","title":{"rendered":"Fichiers Multim\u00e9dias"},"content":{"rendered":"<p>[vc_row][vc_column width=\u00a0\u00bb2\/3&Prime;][vc_column_text]<strong>Fichiers Multim\u00e9dias<\/strong><\/p>\n<p>La traduction de document et\/ou texte cr\u00e9e \u00e0 partir de programmes multim\u00e9dias, d\u2019images fixes, d\u2019images, de sons, de musiques et de tout type de vid\u00e9o ou d\u2019enregistrement visuel ou auditif est appel\u00e9 \u00ab\u00a0traduction de support\/fichiers multim\u00e9dias\u00a0\u00bb<\/p>\n<p><strong>Bureau de Traduction Egeli, <\/strong>avec son \u00e9quipe exp\u00e9riment\u00e9e dans le domaine et une forte infrastructure technique, sans compromettre sur le concept de qualit\u00e9 et de service et sa politique de livraison \u00e0 temps, offre des services de traduction optimal de tous vos supports\/fichiers m\u00e9dias et multim\u00e9dias.<\/p>\n<p>En cas de demande, la traduction de vos supports\/fichiers multim\u00e9dias peut \u00eatre rendue dans son format original.<\/p>\n<p><strong>Nos services de traduction dans le domaine de Support Multim\u00e9dias : <\/strong><\/p>\n<ul>\n<li>Sous-Titre<\/li>\n<li>CD, DVD, Blu-Ray<\/li>\n<li>Projet Vid\u00e9o<\/li>\n<li>Projet Auditif<\/li>\n<li>Projet de S\u00e9ries ou de Film<\/li>\n<li>Fichier\/Support de Pr\u00e9sentation(PowerPointetc.)<\/li>\n<li>Fichier\/Support de Publicit\u00e9 et Promotion<\/li>\n<li>Traduction de Site Internet<\/li>\n<li>E-magazine<\/li>\n<li>Livre, Catalogue, Revue, Brochure<\/li>\n<\/ul>\n<p>[\/vc_column_text][\/vc_column][vc_column width=\u00a0\u00bb1\/3&Prime;]<div data-id=\"mpc_image-6069da277ce4c00\" onclick=\"\" class=\"mpc-image mpc-init mpc-effect--reverse mpc-fullwidth \" ><div class=\"mpc-item mpc-transition\"><img loading=\"lazy\" decoding=\"async\" width=\"500\" height=\"500\" src=\"http:\/\/www.egelitercume.com\/wp-content\/uploads\/Altyazi-Tercume.jpg\" class=\"mpc-transition attachment-full\" alt=\"multimedya tercume\" srcset=\"http:\/\/www.egelitercume.com\/wp-content\/uploads\/Altyazi-Tercume.jpg 500w, http:\/\/www.egelitercume.com\/wp-content\/uploads\/Altyazi-Tercume-150x150.jpg 150w, http:\/\/www.egelitercume.com\/wp-content\/uploads\/Altyazi-Tercume-300x300.jpg 300w\" sizes=\"auto, (max-width:767px) 500px, 500px\" \/><\/div><\/div>[\/vc_column][\/vc_row]<\/p>\n","protected":false},"excerpt":{"rendered":"<p>[vc_row][vc_column width=\u00a0\u00bb2\/3&Prime;][vc_column_text]Fichiers Multim\u00e9dias La traduction de document et\/ou texte cr\u00e9e \u00e0 partir de programmes multim\u00e9dias, d\u2019images fixes, d\u2019images, de sons, de musiques et de tout type<\/p>\n","protected":false},"author":1,"featured_media":0,"parent":2331,"menu_order":0,"comment_status":"open","ping_status":"open","template":"","meta":{"footnotes":""},"yst_prominent_words":[],"class_list":["post-771","page","type-page","status-publish","hentry"],"_links":{"self":[{"href":"http:\/\/www.egelitercume.com\/fr\/wp-json\/wp\/v2\/pages\/771","targetHints":{"allow":["GET"]}}],"collection":[{"href":"http:\/\/www.egelitercume.com\/fr\/wp-json\/wp\/v2\/pages"}],"about":[{"href":"http:\/\/www.egelitercume.com\/fr\/wp-json\/wp\/v2\/types\/page"}],"author":[{"embeddable":true,"href":"http:\/\/www.egelitercume.com\/fr\/wp-json\/wp\/v2\/users\/1"}],"replies":[{"embeddable":true,"href":"http:\/\/www.egelitercume.com\/fr\/wp-json\/wp\/v2\/comments?post=771"}],"version-history":[{"count":2,"href":"http:\/\/www.egelitercume.com\/fr\/wp-json\/wp\/v2\/pages\/771\/revisions"}],"predecessor-version":[{"id":2380,"href":"http:\/\/www.egelitercume.com\/fr\/wp-json\/wp\/v2\/pages\/771\/revisions\/2380"}],"up":[{"embeddable":true,"href":"http:\/\/www.egelitercume.com\/fr\/wp-json\/wp\/v2\/pages\/2331"}],"wp:attachment":[{"href":"http:\/\/www.egelitercume.com\/fr\/wp-json\/wp\/v2\/media?parent=771"}],"wp:term":[{"taxonomy":"yst_prominent_words","embeddable":true,"href":"http:\/\/www.egelitercume.com\/fr\/wp-json\/wp\/v2\/yst_prominent_words?post=771"}],"curies":[{"name":"wp","href":"https:\/\/api.w.org\/{rel}","templated":true}]}}