{"id":763,"date":"2015-01-22T18:03:01","date_gmt":"2015-01-22T16:03:01","guid":{"rendered":"http:\/\/www.egelitercume.com\/hizmetlerimiz\/edebi-tercume\/"},"modified":"2017-12-26T16:25:42","modified_gmt":"2017-12-26T13:25:42","slug":"edebi-tercume","status":"publish","type":"page","link":"http:\/\/www.egelitercume.com\/fr\/hizmetlerimiz\/edebi-tercume\/","title":{"rendered":"Traduction Juridique"},"content":{"rendered":"<p>[vc_row][vc_column width=\u00a0\u00bb2\/3&Prime;][vc_column_text]<strong>Traduction Juridique <\/strong><\/p>\n<p>La traduction juridique est l&rsquo;une des formes les plus difficiles de traductions \u00e9crites. Les textes juridiques contiennent un certain nombre de termes sp\u00e9ciaux et complexes, de longues phrases ainsi que de formules juridiques. Le langage juridique a sa propre structure unique dans chaque pays. Nous avons parfois m\u00eame du mal \u00e0 comprendre le contenu d\u2019un texte \u00e9crit dans notre langue maternelle. La raison de cette difficult\u00e9 provient du fait que les textes juridiques et les lois ont \u00e9t\u00e9 r\u00e9dig\u00e9s en parall\u00e8le au d\u00e9veloppement de la soci\u00e9t\u00e9 et au profil des ann\u00e9es. Par cons\u00e9quent, le domaine de<strong> la traduction juridique <\/strong>est l\u2019un des domaines de traduction les plus difficiles.<\/p>\n<p>La mauvaise interpr\u00e9tation d\u2019une disposition d\u2019un contrat peut conduire \u00e0 l\u2019ouverture d\u2019une proc\u00e9dure judiciaire et \u00e0 causer des dommages mat\u00e9riels\/morales. C\u2019est la raison pour laquelle, il est n\u00e9cessaire de collaborer avec des traducteurs experts dans le domaine juridique.<\/p>\n<p><strong>Etant<\/strong> <strong>Bureau de TraductionEgeli<\/strong>, nous sommes conscients de l\u2019importance de la traduction de vos textes juridiques de mani\u00e8re professionnelle. Les traductions de textes juridiques, des conventions et accords internationaux, des lois d\u2019autres pays, des d\u00e9cisions judiciaires ainsi que les d\u00e9crets gouvernementaux n\u00e9cessitent une parfaite connaissance de la terminologie juridique. Nos interpr\u00e8tes\/traducteurs ont de l\u2019exp\u00e9rience dans les diff\u00e9rents domaines du droit y compris dans le domaine du droit des contrats et du droit des affaires.<\/p>\n<p><strong>Nos services de traduction dans le domaine juridique : <\/strong><\/p>\n<ul>\n<li>Documents \u00e9manant des Tribunaux<\/li>\n<li>Procuration<\/li>\n<li>Contrat et Accord<\/li>\n<li>Formulaire de Signatures<\/li>\n<li>Documents relatifs aux brevets<\/li>\n<li>Clauses Administratives<\/li>\n<li>Dossier de proc\u00e9dure juridique<\/li>\n<li>Acte accusatoire<\/li>\n<li>Contrat de location<\/li>\n<li>Document \u00e9manant des Chambres d\u2019Ex\u00e9cution<\/li>\n<li>D\u00e9claration<\/li>\n<li>Document d\u2019achat-vente<\/li>\n<li>Proc\u00e8s-verbaux fiscal et douani\u00e8re<\/li>\n<li>Loi et R\u00e8glement<\/li>\n<li>Acquis de l\u2019UE<\/li>\n<li>P\u00e9tition<\/li>\n<li>D\u00e9claration des d\u00e9fendeurs et des t\u00e9moins<\/li>\n<li>L\u00e9gislation nationale et \u00e9trang\u00e8re<\/li>\n<li>Jugement\/D\u00e9cret \u00e9trangers<\/li>\n<\/ul>\n<p>[\/vc_column_text][\/vc_column][vc_column width=\u00a0\u00bb1\/3&Prime;]<div data-id=\"mpc_image-5469d79b67cdae3\" onclick=\"\" class=\"mpc-image mpc-init mpc-effect--reverse mpc-fullwidth \" ><div class=\"mpc-item mpc-transition\"><img loading=\"lazy\" decoding=\"async\" width=\"500\" height=\"500\" src=\"http:\/\/www.egelitercume.com\/wp-content\/uploads\/Edebi-Tercume.jpg\" class=\"mpc-transition attachment-full\" alt=\"Edebi Tercume\" srcset=\"http:\/\/www.egelitercume.com\/wp-content\/uploads\/Edebi-Tercume.jpg 500w, http:\/\/www.egelitercume.com\/wp-content\/uploads\/Edebi-Tercume-150x150.jpg 150w, http:\/\/www.egelitercume.com\/wp-content\/uploads\/Edebi-Tercume-300x300.jpg 300w\" sizes=\"auto, (max-width:767px) 500px, 500px\" \/><\/div><\/div>[\/vc_column][\/vc_row]<\/p>\n","protected":false},"excerpt":{"rendered":"<p>[vc_row][vc_column width=\u00a0\u00bb2\/3&Prime;][vc_column_text]Traduction Juridique La traduction juridique est l&rsquo;une des formes les plus difficiles de traductions \u00e9crites. Les textes juridiques contiennent un certain nombre de termes sp\u00e9ciaux<\/p>\n","protected":false},"author":1,"featured_media":0,"parent":2331,"menu_order":0,"comment_status":"open","ping_status":"open","template":"","meta":{"footnotes":""},"yst_prominent_words":[],"class_list":["post-763","page","type-page","status-publish","hentry"],"_links":{"self":[{"href":"http:\/\/www.egelitercume.com\/fr\/wp-json\/wp\/v2\/pages\/763","targetHints":{"allow":["GET"]}}],"collection":[{"href":"http:\/\/www.egelitercume.com\/fr\/wp-json\/wp\/v2\/pages"}],"about":[{"href":"http:\/\/www.egelitercume.com\/fr\/wp-json\/wp\/v2\/types\/page"}],"author":[{"embeddable":true,"href":"http:\/\/www.egelitercume.com\/fr\/wp-json\/wp\/v2\/users\/1"}],"replies":[{"embeddable":true,"href":"http:\/\/www.egelitercume.com\/fr\/wp-json\/wp\/v2\/comments?post=763"}],"version-history":[{"count":4,"href":"http:\/\/www.egelitercume.com\/fr\/wp-json\/wp\/v2\/pages\/763\/revisions"}],"predecessor-version":[{"id":2392,"href":"http:\/\/www.egelitercume.com\/fr\/wp-json\/wp\/v2\/pages\/763\/revisions\/2392"}],"up":[{"embeddable":true,"href":"http:\/\/www.egelitercume.com\/fr\/wp-json\/wp\/v2\/pages\/2331"}],"wp:attachment":[{"href":"http:\/\/www.egelitercume.com\/fr\/wp-json\/wp\/v2\/media?parent=763"}],"wp:term":[{"taxonomy":"yst_prominent_words","embeddable":true,"href":"http:\/\/www.egelitercume.com\/fr\/wp-json\/wp\/v2\/yst_prominent_words?post=763"}],"curies":[{"name":"wp","href":"https:\/\/api.w.org\/{rel}","templated":true}]}}