{"id":755,"date":"2015-01-22T16:58:05","date_gmt":"2015-01-22T14:58:05","guid":{"rendered":"http:\/\/www.egelitercume.com\/hizmetlerimiz\/akademik-tercume\/"},"modified":"2017-12-26T15:26:20","modified_gmt":"2017-12-26T12:26:20","slug":"akademik-tercume","status":"publish","type":"page","link":"http:\/\/www.egelitercume.com\/fr\/hizmetlerimiz\/akademik-tercume\/","title":{"rendered":"Traduction Acad\u00e9mique"},"content":{"rendered":"<p>[vc_row][vc_column width=\u00a0\u00bb2\/3&Prime;][vc_column_text]<strong>Traduction Acad\u00e9mique<\/strong><\/p>\n<p>Le projet de traduction des articles acad\u00e9miques publi\u00e9s dans le monde, des th\u00e8ses, des devoirs, des projets, des rapports et des pr\u00e9sentations vers la langue que vous souhaitez, est appel\u00e9 \u00ab\u00a0traductions acad\u00e9miques ou scientifiques\u00a0\u00bb.<\/p>\n<p><strong>Etant<\/strong><strong> Bureau de Traduction Egeli<\/strong><strong>, <\/strong>avec notre \u00e9quipeprofessionnelle en termes de connaissance et d\u2019exp\u00e9rience dans toutes les mati\u00e8res, nous offrons nos services de traduction de haute qualit\u00e9 7j\/24h \u00e0 des co\u00fbts faibles.<\/p>\n<p><strong>Nos services de traduction dans le domaine Acad\u00e9mique\u00a0: <\/strong><\/p>\n<ul>\n<li>Article<\/li>\n<li>Recherche<\/li>\n<li>Projet<\/li>\n<li>Pr\u00e9sentation<\/li>\n<li>Rapport<\/li>\n<li>Devoirs<\/li>\n<li>Magazine\/Revue<\/li>\n<li>Th\u00e8ses de Licence, Master et Doctorat<\/li>\n<li>Dipl\u00f4mes<\/li>\n<li>Relev\u00e9 de notes<\/li>\n<li>Certificat d\u2019Equivalence<\/li>\n<li>Lettre de R\u00e9f\u00e9rence<\/li>\n<li>Certificat de R\u00e9sultat d\u2019Examen<\/li>\n<\/ul>\n<p>[\/vc_column_text][\/vc_column][vc_column width=\u00a0\u00bb1\/3&Prime;]<div data-id=\"mpc_image-2669d79b3379b79\" onclick=\"\" class=\"mpc-image mpc-init mpc-effect--reverse mpc-fullwidth \" ><div class=\"mpc-item mpc-transition\"><img loading=\"lazy\" decoding=\"async\" width=\"500\" height=\"500\" src=\"http:\/\/www.egelitercume.com\/wp-content\/uploads\/Akademik-Tercume.jpg\" class=\"mpc-transition attachment-full\" alt=\"Akademik Tercume\" srcset=\"http:\/\/www.egelitercume.com\/wp-content\/uploads\/Akademik-Tercume.jpg 500w, http:\/\/www.egelitercume.com\/wp-content\/uploads\/Akademik-Tercume-150x150.jpg 150w, http:\/\/www.egelitercume.com\/wp-content\/uploads\/Akademik-Tercume-300x300.jpg 300w\" sizes=\"auto, (max-width:767px) 500px, 500px\" \/><\/div><\/div>[\/vc_column][\/vc_row]<\/p>\n","protected":false},"excerpt":{"rendered":"<p>[vc_row][vc_column width=\u00a0\u00bb2\/3&Prime;][vc_column_text]Traduction Acad\u00e9mique Le projet de traduction des articles acad\u00e9miques publi\u00e9s dans le monde, des th\u00e8ses, des devoirs, des projets, des rapports et des pr\u00e9sentations vers<\/p>\n","protected":false},"author":1,"featured_media":0,"parent":2331,"menu_order":0,"comment_status":"open","ping_status":"open","template":"","meta":{"footnotes":""},"yst_prominent_words":[],"class_list":["post-755","page","type-page","status-publish","hentry"],"_links":{"self":[{"href":"http:\/\/www.egelitercume.com\/fr\/wp-json\/wp\/v2\/pages\/755","targetHints":{"allow":["GET"]}}],"collection":[{"href":"http:\/\/www.egelitercume.com\/fr\/wp-json\/wp\/v2\/pages"}],"about":[{"href":"http:\/\/www.egelitercume.com\/fr\/wp-json\/wp\/v2\/types\/page"}],"author":[{"embeddable":true,"href":"http:\/\/www.egelitercume.com\/fr\/wp-json\/wp\/v2\/users\/1"}],"replies":[{"embeddable":true,"href":"http:\/\/www.egelitercume.com\/fr\/wp-json\/wp\/v2\/comments?post=755"}],"version-history":[{"count":3,"href":"http:\/\/www.egelitercume.com\/fr\/wp-json\/wp\/v2\/pages\/755\/revisions"}],"predecessor-version":[{"id":2338,"href":"http:\/\/www.egelitercume.com\/fr\/wp-json\/wp\/v2\/pages\/755\/revisions\/2338"}],"up":[{"embeddable":true,"href":"http:\/\/www.egelitercume.com\/fr\/wp-json\/wp\/v2\/pages\/2331"}],"wp:attachment":[{"href":"http:\/\/www.egelitercume.com\/fr\/wp-json\/wp\/v2\/media?parent=755"}],"wp:term":[{"taxonomy":"yst_prominent_words","embeddable":true,"href":"http:\/\/www.egelitercume.com\/fr\/wp-json\/wp\/v2\/yst_prominent_words?post=755"}],"curies":[{"name":"wp","href":"https:\/\/api.w.org\/{rel}","templated":true}]}}