{"id":2331,"date":"2014-07-05T16:04:08","date_gmt":"2014-07-05T13:04:08","guid":{"rendered":"http:\/\/www.egelitercume.com\/hizmetlerimiz\/"},"modified":"2014-07-05T16:04:08","modified_gmt":"2014-07-05T13:04:08","slug":"hizmetlerimiz","status":"publish","type":"page","link":"http:\/\/www.egelitercume.com\/fr\/hizmetlerimiz\/","title":{"rendered":"Hizmetlerimiz"},"content":{"rendered":"<p>[vc_row css=\u00a0\u00bb.vc_custom_1509116007633{margin-top: 80px !important;margin-bottom: 30px !important;}\u00a0\u00bb][vc_column width=\u00a0\u00bb1\/4&Prime;]<div id=\"mpc_textblock-2069d79e556da41\" class=\"mpc-textblock mpc-init mpc-typography--mpc_preset_127 mpc-animation \" data-animation-in=\"transition.slideUpBigIn||300||0||100\"><h3><em>Terc\u00fcme Hizmetlerimize G\u00f6z At\u0131n<\/em><\/h3>\n<\/div><div id=\"mpc_textblock-669d79e556db59\" class=\"mpc-textblock mpc-init mpc-typography--mpc_preset_117 mpc-animation \" data-animation-in=\"transition.slideDownBigIn||300||0||100\"><h2>Terc\u00fcme Hizmetleri<\/h2>\n<\/div>[\/vc_column][vc_column width=\u00a0\u00bb1\/4&Prime;]<a href=\"http:\/\/www.egelitercume.com\/hizmetlerimiz\/akademik-tercume\/\" target=\"_blank\" title=\"Akademik Terc\u00fcme\"  data-id=\"mpc_icon_column-9769d79e556dcc4\" class=\"mpc-icon-column mpc-init mpc-parent-hover mpc-transition mpc-animation mpc-icon-column--style_1 mpc-align--left \"  data-animation-in=\"transition.slideUpBigIn||300||0||100\"><div data-id=\"mpc_icon-869d79e556dd33\" class=\"mpc-icon mpc-init mpc-transition mpc-effect-slide-down mpc-icon-hover \"><div class=\"mpc-icon-wrap\"><i class=\"mpc-icon-part mpc-regular mpc-transition  lnr lnr-graduation-hat\"><\/i><i class=\"mpc-icon-part mpc-hover mpc-transition  lnr lnr-graduation-hat\"><\/i><\/div><\/div><div class=\"mpc-icon-column__content-wrap\"><div class=\"mpc-icon-column__content\"><h3 class=\"mpc-icon-column__heading mpc-typography--mpc_preset_117 mpc-transition\">AKADEM\u0130K TERC\u00dcME<\/h3><div class=\"mpc-icon-column__description mpc-transition\"><p>D\u00fcnya \u00e7ap\u0131nda yay\u0131nlanan akademik makaleleri, tezleri, \u00f6devleri, projeleri, raporlar\u0131 ve sunumlar\u0131 gibi \u00e7al\u0131\u015fmalar\u0131 diledi\u011finiz dile \u00e7evirme projelerine akademik terc\u00fcme veya bilimsel terc\u00fcme denir.<\/p>\n<\/div><\/div><\/div><\/a>[\/vc_column][vc_column width=\u00a0\u00bb1\/4&Prime;]<a href=\"http:\/\/www.egelitercume.com\/hizmetlerimiz\/ardil-tercume\/\" target=\"_blank\" title=\"Ard\u0131l Terc\u00fcme\"  data-id=\"mpc_icon_column-2669d79e556de81\" class=\"mpc-icon-column mpc-init mpc-parent-hover mpc-transition mpc-animation mpc-icon-column--style_1 mpc-align--left \"  data-animation-in=\"transition.slideUpBigIn||300||0||100\"><div data-id=\"mpc_icon-4569d79e556ded2\" class=\"mpc-icon mpc-init mpc-transition mpc-effect-slide-down mpc-icon-hover \"><div class=\"mpc-icon-wrap\"><i class=\"mpc-icon-part mpc-regular mpc-transition  lnr lnr-users\"><\/i><i class=\"mpc-icon-part mpc-hover mpc-transition  lnr lnr-users\"><\/i><\/div><\/div><div class=\"mpc-icon-column__content-wrap\"><div class=\"mpc-icon-column__content\"><h3 class=\"mpc-icon-column__heading mpc-typography--mpc_preset_117 mpc-transition\">ARDIL TERC\u00dcME<\/h3><div class=\"mpc-icon-column__description mpc-typography--mpc_preset_45 mpc-transition\"><p>\u00c7evirmen, yap\u0131lan konu\u015fman\u0131n tamam\u0131n\u0131 ya da bir belli bir k\u0131sm\u0131n\u0131 dinleyerek daha sonra konu\u015fmac\u0131n\u0131n ard\u0131ndan dinleme s\u0131ras\u0131nda ald\u0131\u011f\u0131 notlar ile hedef dile terc\u00fcmesini yapar.<\/p>\n<\/div><\/div><\/div><\/a>[\/vc_column][vc_column width=\u00a0\u00bb1\/4&Prime;]<a href=\"http:\/\/www.egelitercume.com\/hizmetlerimiz\/multimedya-tercume\/\" target=\"_blank\" title=\"Multimedya Terc\u00fcme\"  data-id=\"mpc_icon_column-3369d79e556e006\" class=\"mpc-icon-column mpc-init mpc-parent-hover mpc-transition mpc-animation mpc-icon-column--style_1 mpc-align--left \"  data-animation-in=\"transition.slideUpBigIn||300||0||100\"><div data-id=\"mpc_icon-4769d79e556e052\" class=\"mpc-icon mpc-init mpc-transition mpc-effect-slide-down mpc-icon-hover \"><div class=\"mpc-icon-wrap\"><i class=\"mpc-icon-part mpc-regular mpc-transition  lnr lnr-film-play\"><\/i><i class=\"mpc-icon-part mpc-hover mpc-transition  lnr lnr-film-play\"><\/i><\/div><\/div><div class=\"mpc-icon-column__content-wrap\"><div class=\"mpc-icon-column__content\"><h3 class=\"mpc-icon-column__heading mpc-typography--mpc_preset_117 mpc-transition\">MULT\u0130MEDYA TERC\u00dcME<\/h3><div class=\"mpc-icon-column__description mpc-transition\"><p>Multimedya programlar\u0131 kullan\u0131larak olu\u015fturmu\u015f oldu\u011funuz metin, sabit g\u00f6r\u00fcnt\u00fc, resim, ses, m\u00fczik, konu\u015fma ve video i\u00e7eren g\u00f6rsel ya da i\u015fitsel her t\u00fcrl\u00fc medya ve multimedya dosyas\u0131n\u0131n terc\u00fcme edilmesidir.<\/p>\n<\/div><\/div><\/div><\/a>[\/vc_column][\/vc_row][vc_row css=\u00a0\u00bb.vc_custom_1509111947594{margin-bottom: 30px !important;}\u00a0\u00bb][vc_column width=\u00a0\u00bb1\/4&Prime;][\/vc_column][vc_column width=\u00a0\u00bb1\/4&Prime;]<a href=\"http:\/\/www.egelitercume.com\/hizmetlerimiz\/tibbi-tercume\/\" target=\"_blank\" title=\"T\u0131bbi Terc\u00fcme\"  data-id=\"mpc_icon_column-4069d79e556e187\" class=\"mpc-icon-column mpc-init mpc-parent-hover mpc-transition mpc-animation mpc-icon-column--style_1 mpc-align--left \"  data-animation-in=\"transition.slideUpBigIn||300||0||100\"><div data-id=\"mpc_icon-5769d79e556e1d1\" class=\"mpc-icon mpc-init mpc-transition mpc-animation mpc-effect-slide-down mpc-icon-hover \" data-animation-loop=\"callout.pulse||300||1500\"><div class=\"mpc-icon-wrap\"><i class=\"mpc-icon-part mpc-regular mpc-transition  lnr lnr-heart-pulse\"><\/i><i class=\"mpc-icon-part mpc-hover mpc-transition  lnr lnr-heart-pulse\"><\/i><\/div><\/div><div class=\"mpc-icon-column__content-wrap\"><div class=\"mpc-icon-column__content\"><h3 class=\"mpc-icon-column__heading mpc-typography--mpc_preset_117 mpc-transition\">TIBB\u0130 TERC\u00dcME<\/h3><div class=\"mpc-icon-column__description mpc-transition\"><p>T\u0131bbi terc\u00fcme ya da di\u011fer bir s\u00f6yleyi\u015f ile medikal terc\u00fcme, di\u011fer terc\u00fcme t\u00fcrleri aras\u0131ndaki en \u00f6nemli olanlardan biri t\u0131bbi terc\u00fcme olarak g\u00f6sterebiliriz.<\/p>\n<\/div><\/div><\/div><\/a>[\/vc_column][vc_column width=\u00a0\u00bb1\/4&Prime;]<a href=\"http:\/\/www.egelitercume.com\/hizmetlerimiz\/edebi-tercume\/\" target=\"_blank\" title=\"Edebi Terc\u00fcme\"  data-id=\"mpc_icon_column-869d79e556e308\" class=\"mpc-icon-column mpc-init mpc-parent-hover mpc-transition mpc-animation mpc-icon-column--style_1 mpc-align--left \"  data-animation-in=\"transition.slideUpBigIn||300||0||100\"><div data-id=\"mpc_icon-5869d79e556e354\" class=\"mpc-icon mpc-init mpc-transition mpc-effect-slide-down mpc-icon-hover \"><div class=\"mpc-icon-wrap\"><i class=\"mpc-icon-part mpc-regular mpc-transition  lnr lnr-book\"><\/i><i class=\"mpc-icon-part mpc-hover mpc-transition  lnr lnr-book\"><\/i><\/div><\/div><div class=\"mpc-icon-column__content-wrap\"><div class=\"mpc-icon-column__content\"><h3 class=\"mpc-icon-column__heading mpc-typography--mpc_preset_117 mpc-transition\">EDEB\u0130 TERC\u00dcME<\/h3><div class=\"mpc-icon-column__description mpc-transition\"><p>Sanat ve edebiyat alanlar\u0131nda yap\u0131lan \u00e7evirilere sanatsal ya da edebi \u00e7eviri denir. Edebi ve sanatsal terc\u00fcme \u00e7ok hassas bir \u00e7eviri t\u00fcr\u00fcd\u00fcr.<\/p>\n<\/div><\/div><\/div><\/a>[\/vc_column][vc_column width=\u00a0\u00bb1\/4&Prime;]<a href=\"http:\/\/www.egelitercume.com\/hizmetlerimiz\/simultane-tercume\/\" target=\"_blank\" title=\"Simultane Terc\u00fcme\"  data-id=\"mpc_icon_column-6069d79e556e482\" class=\"mpc-icon-column mpc-init mpc-parent-hover mpc-transition mpc-animation mpc-icon-column--style_1 mpc-align--left \"  data-animation-in=\"transition.slideUpBigIn||300||0||100\"><div data-id=\"mpc_icon-3769d79e556e4d0\" class=\"mpc-icon mpc-init mpc-transition mpc-effect-slide-down mpc-icon-hover \"><div class=\"mpc-icon-wrap\"><i class=\"mpc-icon-part mpc-regular mpc-transition  ti ti-headphone-alt\"><\/i><i class=\"mpc-icon-part mpc-hover mpc-transition  ti ti-headphone-alt\"><\/i><\/div><\/div><div class=\"mpc-icon-column__content-wrap\"><div class=\"mpc-icon-column__content\"><h3 class=\"mpc-icon-column__heading mpc-typography--mpc_preset_117 mpc-transition\">S\u0130MULTANE TERC\u00dcME<\/h3><div class=\"mpc-icon-column__description mpc-transition\"><p>Kelime k\u00f6keni olarak Latincedir. E\u015f zamanl\u0131 ger\u00e7ekle\u015fen anlam\u0131na gelmektedir. Simultane \u00e7eviri ise e\u015f zamanl\u0131 \u00e7eviri, yani an\u0131nda \u00e7eviri anlam\u0131na gelmektedir.<\/p>\n<\/div><\/div><\/div><\/a>[\/vc_column][\/vc_row][vc_row css=\u00a0\u00bb.vc_custom_1509111966090{margin-bottom: 30px !important;}\u00a0\u00bb][vc_column width=\u00a0\u00bb1\/4&Prime;][\/vc_column][vc_column width=\u00a0\u00bb1\/4&Prime;]<a href=\"http:\/\/www.egelitercume.com\/hizmetlerimiz\/patent-tercumesi\/\" target=\"_blank\" title=\"Patent Terc\u00fcmesi\"  data-id=\"mpc_icon_column-3069d79e556e601\" class=\"mpc-icon-column mpc-init mpc-parent-hover mpc-transition mpc-animation mpc-icon-column--style_1 mpc-align--left \"  data-animation-in=\"transition.slideUpBigIn||300||0||100\"><div data-id=\"mpc_icon-9469d79e556e657\" class=\"mpc-icon mpc-init mpc-transition mpc-effect-slide-down mpc-icon-hover \"><div class=\"mpc-icon-wrap\"><i class=\"mpc-icon-part mpc-regular mpc-transition  lnr lnr-license\"><\/i><i class=\"mpc-icon-part mpc-hover mpc-transition  lnr lnr-license\"><\/i><\/div><\/div><div class=\"mpc-icon-column__content-wrap\"><div class=\"mpc-icon-column__content\"><h3 class=\"mpc-icon-column__heading mpc-typography--mpc_preset_117 mpc-transition\">PATENT TERC\u00dcMES\u0130<\/h3><div class=\"mpc-icon-column__description mpc-transition\"><p>Bir ticari veya s\u0131nai bulu\u015fun, belirli bir s\u00fcre \u00fcretme, kullanma, satma veya ithal etme hakk\u0131n\u0131n bir \u015fahsa veya firmaya verilmesine patent denir.<\/p>\n<\/div><\/div><\/div><\/a>[\/vc_column][vc_column width=\u00a0\u00bb1\/4&Prime;]<a href=\"http:\/\/www.egelitercume.com\/hizmetlerimiz\/teknik-tercume\/\" target=\"_blank\" title=\"Teknik Terc\u00fcme\"  data-id=\"mpc_icon_column-3069d79e556e784\" class=\"mpc-icon-column mpc-init mpc-parent-hover mpc-transition mpc-animation mpc-icon-column--style_1 mpc-align--left \"  data-animation-in=\"transition.slideUpBigIn||300||0||100\"><div data-id=\"mpc_icon-8069d79e556e7d0\" class=\"mpc-icon mpc-init mpc-transition mpc-effect-slide-down mpc-icon-hover \"><div class=\"mpc-icon-wrap\"><i class=\"mpc-icon-part mpc-regular mpc-transition  lnr lnr-cog\"><\/i><i class=\"mpc-icon-part mpc-hover mpc-transition  lnr lnr-cog\"><\/i><\/div><\/div><div class=\"mpc-icon-column__content-wrap\"><div class=\"mpc-icon-column__content\"><h3 class=\"mpc-icon-column__heading mpc-typography--mpc_preset_117 mpc-transition\">TEKN\u0130K TERC\u00dcME<\/h3><div class=\"mpc-icon-column__description mpc-transition\"><p>Teknik Terc\u00fcme, teknik servis e\u011fitim kitap\u00e7\u0131klar\u0131, teknik ve ihale \u015fartnameleri, kullan\u0131m k\u0131lavuzlar\u0131 gibi dok\u00fcmanlar\u0131n \u00e7evirisine denir.<\/p>\n<\/div><\/div><\/div><\/a>[\/vc_column][vc_column width=\u00a0\u00bb1\/4&Prime;]<a href=\"http:\/\/www.egelitercume.com\/hizmetlerimiz\/ticari-tercume\/\" target=\"_blank\" title=\"Ticari Terc\u00fcme\"  data-id=\"mpc_icon_column-9169d79e556e905\" class=\"mpc-icon-column mpc-init mpc-parent-hover mpc-transition mpc-animation mpc-icon-column--style_1 mpc-align--left \"  data-animation-in=\"transition.slideUpBigIn||300||0||100\"><div data-id=\"mpc_icon-5569d79e556e952\" class=\"mpc-icon mpc-init mpc-transition mpc-effect-slide-down mpc-icon-hover \"><div class=\"mpc-icon-wrap\"><i class=\"mpc-icon-part mpc-regular mpc-transition  lnr lnr-apartment\"><\/i><i class=\"mpc-icon-part mpc-hover mpc-transition  lnr lnr-apartment\"><\/i><\/div><\/div><div class=\"mpc-icon-column__content-wrap\"><div class=\"mpc-icon-column__content\"><h3 class=\"mpc-icon-column__heading mpc-typography--mpc_preset_117 mpc-transition\">T\u0130CAR\u0130 TERC\u00dcME<\/h3><div class=\"mpc-icon-column__description mpc-transition\"><p>Ticari terc\u00fcme terimi geni\u015f bir anlam bar\u0131nd\u0131rarak i\u00e7erisinde teknik, finans, hukuki terc\u00fcmeleri gibi alanlar\u0131 kapsamaktad\u0131r.<\/p>\n<\/div><\/div><\/div><\/a>[\/vc_column][\/vc_row][vc_row css=\u00a0\u00bb.vc_custom_1509116024816{margin-bottom: 80px !important;}\u00a0\u00bb][vc_column width=\u00a0\u00bb1\/4&Prime;][\/vc_column][vc_column width=\u00a0\u00bb1\/4&Prime;]<a href=\"http:\/\/www.egelitercume.com\/hizmetlerimiz\/hukuki-tercume\/\" target=\"_blank\" title=\"Hukuki Terc\u00fcme\"  data-id=\"mpc_icon_column-7869d79e556ea8a\" class=\"mpc-icon-column mpc-init mpc-parent-hover mpc-transition mpc-animation mpc-icon-column--style_1 mpc-align--left \"  data-animation-in=\"transition.slideUpBigIn||300||0||100\"><div data-id=\"mpc_icon-9869d79e556ead9\" class=\"mpc-icon mpc-init mpc-transition mpc-effect-slide-down mpc-icon-hover \"><div class=\"mpc-icon-wrap\"><i class=\"mpc-icon-part mpc-regular mpc-transition  icnm icnm-hammer2\"><\/i><i class=\"mpc-icon-part mpc-hover mpc-transition  icnm icnm-hammer2\"><\/i><\/div><\/div><div class=\"mpc-icon-column__content-wrap\"><div class=\"mpc-icon-column__content\"><h3 class=\"mpc-icon-column__heading mpc-typography--mpc_preset_117 mpc-transition\">HUKUK\u0130 TERC\u00dcME<\/h3><div class=\"mpc-icon-column__description mpc-typography--mpc_preset_45 mpc-transition\"><p>Hukuki terc\u00fcme, yaz\u0131l\u0131 terc\u00fcmenin en zor t\u00fcrlerinden biridir. Hukuki metinlerde, \u00e7ok say\u0131da \u00f6zel terim, uzun ifadeler, karma\u015f\u0131k kullan\u0131mlar, hukuki form\u00fcller vard\u0131r. Hukuk dili her \u00fclkede ve dilde kendine \u00f6zg\u00fc bir yap\u0131ya sahiptir.<\/p>\n<\/div><\/div><\/div><\/a>[\/vc_column][vc_column width=\u00a0\u00bb1\/4&Prime;]<a href=\"http:\/\/www.egelitercume.com\/hizmetlerimiz\/web-site-tercumesi\/\" target=\"_blank\" title=\"Web Site Terc\u00fcmesi\"  data-id=\"mpc_icon_column-9369d79e556ec0a\" class=\"mpc-icon-column mpc-init mpc-parent-hover mpc-transition mpc-animation mpc-icon-column--style_1 mpc-align--left \"  data-animation-in=\"transition.slideUpBigIn||300||0||100\"><div data-id=\"mpc_icon-7569d79e556ec58\" class=\"mpc-icon mpc-init mpc-transition mpc-effect-slide-down mpc-icon-hover \"><div class=\"mpc-icon-wrap\"><i class=\"mpc-icon-part mpc-regular mpc-transition  lnr lnr-select\"><\/i><i class=\"mpc-icon-part mpc-hover mpc-transition  lnr lnr-select\"><\/i><\/div><\/div><div class=\"mpc-icon-column__content-wrap\"><div class=\"mpc-icon-column__content\"><h3 class=\"mpc-icon-column__heading mpc-typography--mpc_preset_117 mpc-transition\">WEB S\u0130TE TERC\u00dcMES\u0130<\/h3><div class=\"mpc-icon-column__description mpc-typography--mpc_preset_45 mpc-transition\"><p>Web siteleri s\u00fcrekli geli\u015fen ticaret d\u00fcnyas\u0131nda bir \u015firketin vazge\u00e7ilmez par\u00e7as\u0131 haline gelmi\u015ftir. Web sitenizin di\u011fer dillerde de yay\u0131n yapmas\u0131 \u015firketinizin d\u00fcnyaya a\u00e7\u0131lan penceresi ve m\u00fc\u015fteriye a\u00e7\u0131lan ilk kap\u0131s\u0131 oldu\u011funu unutmay\u0131n\u0131z.<\/p>\n<\/div><\/div><\/div><\/a>[\/vc_column][vc_column width=\u00a0\u00bb1\/4&Prime;]<a href=\"http:\/\/www.egelitercume.com\/hizmetlerimiz\/yazilim-tercumesi\/\" target=\"_blank\" title=\"Yaz\u0131l\u0131m Terc\u00fcmesi\"  data-id=\"mpc_icon_column-3769d79e556ed87\" class=\"mpc-icon-column mpc-init mpc-parent-hover mpc-transition mpc-animation mpc-icon-column--style_1 mpc-align--left \"  data-animation-in=\"transition.slideUpBigIn||300||0||100\"><div data-id=\"mpc_icon-3769d79e556edd0\" class=\"mpc-icon mpc-init mpc-transition mpc-effect-slide-down mpc-icon-hover \"><div class=\"mpc-icon-wrap\"><i class=\"mpc-icon-part mpc-regular mpc-transition  lnr lnr-code\"><\/i><i class=\"mpc-icon-part mpc-hover mpc-transition  lnr lnr-code\"><\/i><\/div><\/div><div class=\"mpc-icon-column__content-wrap\"><div class=\"mpc-icon-column__content\"><h3 class=\"mpc-icon-column__heading mpc-typography--mpc_preset_117 mpc-transition\">YAZILIM TERC\u00dcMES\u0130<\/h3><div class=\"mpc-icon-column__description mpc-transition\"><p>Yaz\u0131l\u0131m Terc\u00fcmesi di\u011fer bir ad\u0131yla Yaz\u0131l\u0131m Yerelle\u015ftirmesi olarak da bilinir. Bu t\u00fcr \u00e7eviriler di\u011fer \u00e7evirilere g\u00f6re zaman ve para a\u00e7\u0131s\u0131ndan en pahal\u0131 \u00e7eviri t\u00fcrleridir.<\/p>\n<\/div><\/div><\/div><\/a>[\/vc_column][\/vc_row][vc_row full_width=\u00a0\u00bbstretch_row\u00a0\u00bb equal_height=\u00a0\u00bbyes\u00a0\u00bb enable_first_overlay=\u00a0\u00bbtrue\u00a0\u00bb first_overlay_opacity=\u00a0\u00bb100&Prime; first_background_color=\u00a0\u00bb#f7f7f7&Prime; css=\u00a0\u00bb.vc_custom_1509738919893{margin-top: 0px !important;margin-bottom: 0px !important;border-top-width: 0px !important;border-bottom-width: 0px !important;padding-top: 0px !important;padding-bottom: 0px !important;}\u00a0\u00bb][vc_column width=\u00a0\u00bb1\/2&Prime; css=\u00a0\u00bb.vc_custom_1509116125248{margin-top: 50px !important;margin-right: 0px !important;margin-bottom: 50px !important;margin-left: 0px !important;border-top-width: 0px !important;border-right-width: 0px !important;border-bottom-width: 0px !important;border-left-width: 0px !important;padding-top: 0px !important;padding-right: 0px !important;padding-bottom: 0px !important;padding-left: 0px !important;}\u00a0\u00bb]<div id=\"mpc_textblock-3069d79e556ee80\" class=\"mpc-textblock mpc-init mpc-typography--mpc_preset_127 mpc-animation \" data-animation-in=\"transition.slideUpBigIn||300||0||100\"><h3><em>Sekt\u00f6rel Terc\u00fcmede Uzman Kadro<\/em><\/h3>\n<\/div><div id=\"mpc_textblock-1169d79e556ef25\" class=\"mpc-textblock mpc-init mpc-typography--mpc_preset_117 mpc-animation \" data-animation-in=\"transition.slideDownBigIn||300||0||100\"><h2>Sekt\u00f6rel Terc\u00fcme Hizmetleri<\/h2>\n<\/div><div id=\"mpc_textblock-1069d79e556efb6\" class=\"mpc-textblock mpc-init mpc-typography--mpc_preset_45 \"><p>Profesyonel <strong>\u00e7eviri\/terc\u00fcme<\/strong> hizmetine odaklanm\u0131\u015f bir i\u015fletme olarak, uzman terc\u00fcme ekibimiz ve idari kadromuz <strong>acil<\/strong> ya da uzun s\u00fcrelere yay\u0131lan \u00e7eviri projelerinin kar\u015f\u0131lanmas\u0131nda derin bir deneyime ve geni\u015f \u00f6zel uzmanl\u0131k alanlar\u0131nda yetkinli\u011fe sahiptir.<strong> S\u0131kl\u0131kla hizmet sundu\u011fumuz sekt\u00f6rel alanlar\u0131m\u0131zdan<\/strong> \u00f6rnekler.<\/p>\n<\/div>[\/vc_column][vc_column width=\u00a0\u00bb1\/2&Prime; css=\u00a0\u00bb.vc_custom_1460012310633{margin-top: 0px !important;margin-right: 50px !important;margin-bottom: 0px !important;margin-left: 50px !important;border-top-width: 0px !important;border-right-width: 0px !important;border-bottom-width: 0px !important;border-left-width: 0px !important;padding-top: 0px !important;padding-right: 0px !important;padding-bottom: 0px !important;padding-left: 0px !important;background-position: center !important;background-repeat: no-repeat !important;background-size: cover !important;}\u00a0\u00bb]<div data-id=\"mpc_image-6969d79e55720c9\" onclick=\"\" class=\"mpc-image mpc-init mpc-animation mpc-effect--grey-scale mpc-effect--reverse \"  data-animation-in=\"transition.expandIn||300||0||100\"><div class=\"mpc-item mpc-transition\"><img loading=\"lazy\" decoding=\"async\" width=\"527\" height=\"273\" src=\"http:\/\/www.egelitercume.com\/wp-content\/uploads\/tercume_sektorleri.png\" class=\"mpc-transition attachment-full\" alt=\"sekt\u00f6rel terc\u00fcme hizmetleri\" srcset=\"http:\/\/www.egelitercume.com\/wp-content\/uploads\/tercume_sektorleri.png 527w, http:\/\/www.egelitercume.com\/wp-content\/uploads\/tercume_sektorleri-300x155.png 300w, http:\/\/www.egelitercume.com\/wp-content\/uploads\/tercume_sektorleri-260x135.png 260w, http:\/\/www.egelitercume.com\/wp-content\/uploads\/tercume_sektorleri-50x26.png 50w, http:\/\/www.egelitercume.com\/wp-content\/uploads\/tercume_sektorleri-145x75.png 145w\" sizes=\"auto, (max-width:767px) 527px, 527px\" \/><\/div><\/div>[\/vc_column][\/vc_row][vc_row css=\u00a0\u00bb.vc_custom_1459923814857{margin-top: 80px !important;margin-bottom: 84px !important;}\u00a0\u00bb][vc_column][\/vc_column][\/vc_row]<\/p>\n","protected":false},"excerpt":{"rendered":"<p>[vc_row css=\u00a0\u00bb.vc_custom_1509116007633{margin-top: 80px !important;margin-bottom: 30px !important;}\u00a0\u00bb][vc_column width=\u00a0\u00bb1\/4&Prime;][\/vc_column][vc_column width=\u00a0\u00bb1\/4&Prime;][\/vc_column][vc_column width=\u00a0\u00bb1\/4&Prime;][\/vc_column][vc_column width=\u00a0\u00bb1\/4&Prime;][\/vc_column][\/vc_row][vc_row css=\u00a0\u00bb.vc_custom_1509111947594{margin-bottom: 30px !important;}\u00a0\u00bb][vc_column width=\u00a0\u00bb1\/4&Prime;][\/vc_column][vc_column width=\u00a0\u00bb1\/4&Prime;][\/vc_column][vc_column width=\u00a0\u00bb1\/4&Prime;][\/vc_column][vc_column width=\u00a0\u00bb1\/4&Prime;][\/vc_column][\/vc_row][vc_row css=\u00a0\u00bb.vc_custom_1509111966090{margin-bottom: 30px !important;}\u00a0\u00bb][vc_column width=\u00a0\u00bb1\/4&Prime;][\/vc_column][vc_column width=\u00a0\u00bb1\/4&Prime;][\/vc_column][vc_column width=\u00a0\u00bb1\/4&Prime;][\/vc_column][vc_column width=\u00a0\u00bb1\/4&Prime;][\/vc_column][\/vc_row][vc_row css=\u00a0\u00bb.vc_custom_1509116024816{margin-bottom: 80px<\/p>\n","protected":false},"author":1,"featured_media":0,"parent":0,"menu_order":0,"comment_status":"closed","ping_status":"closed","template":"","meta":{"footnotes":""},"yst_prominent_words":[],"class_list":["post-2331","page","type-page","status-publish","hentry"],"_links":{"self":[{"href":"http:\/\/www.egelitercume.com\/fr\/wp-json\/wp\/v2\/pages\/2331","targetHints":{"allow":["GET"]}}],"collection":[{"href":"http:\/\/www.egelitercume.com\/fr\/wp-json\/wp\/v2\/pages"}],"about":[{"href":"http:\/\/www.egelitercume.com\/fr\/wp-json\/wp\/v2\/types\/page"}],"author":[{"embeddable":true,"href":"http:\/\/www.egelitercume.com\/fr\/wp-json\/wp\/v2\/users\/1"}],"replies":[{"embeddable":true,"href":"http:\/\/www.egelitercume.com\/fr\/wp-json\/wp\/v2\/comments?post=2331"}],"version-history":[{"count":0,"href":"http:\/\/www.egelitercume.com\/fr\/wp-json\/wp\/v2\/pages\/2331\/revisions"}],"wp:attachment":[{"href":"http:\/\/www.egelitercume.com\/fr\/wp-json\/wp\/v2\/media?parent=2331"}],"wp:term":[{"taxonomy":"yst_prominent_words","embeddable":true,"href":"http:\/\/www.egelitercume.com\/fr\/wp-json\/wp\/v2\/yst_prominent_words?post=2331"}],"curies":[{"name":"wp","href":"https:\/\/api.w.org\/{rel}","templated":true}]}}