{"id":796,"date":"2015-01-22T18:34:13","date_gmt":"2015-01-22T16:34:13","guid":{"rendered":"http:\/\/www.egelitercume.com\/hizmetlerimiz\/web-site-tercumesi\/"},"modified":"2017-12-26T15:29:43","modified_gmt":"2017-12-26T12:29:43","slug":"web-site-tercumesi","status":"publish","type":"page","link":"http:\/\/www.egelitercume.com\/de\/hizmetlerimiz\/web-site-tercumesi\/","title":{"rendered":"Webseite-\u00dcbersetzung"},"content":{"rendered":"<p>[vc_row][vc_column width=&#8220;2\/3&#8243;][vc_column_text]<strong>Webseite-\u00dcbersetzung<\/strong><\/p>\n<p>Die Webseiten sind unerl\u00e4sslich f\u00fcr die Gesellschaften in einer stetigen entwickelnden Handelswelt. Vergessen Sie nicht bitte; dass die Webseite einer Gesellschaft auf mehrerer Sprache ein ge\u00f6ffnetes Fenster zur Welt und erste ge\u00f6ffnete T\u00fcr zu Kunden ist.<\/p>\n<p>Die Webseite einer Gesellschaft auf mehrerer Sprache soll den Inhalt in der Ausgangsprache richtig \u00fcbertragen. Eine richtige \u00dcbersetzung spielt gro\u00dfe Rolle bei der Anerkennung und Vorstellung Ihrer Gesellschaft.<\/p>\n<p>Durch die \u00dcbersetzung ihrer Gesellschaft-Webseite stehen wir, als <strong>Egeli \u00dcbersetzungsb\u00fcro<\/strong>, immer zu Ihrer Verf\u00fcgung f\u00fcr die Vorstellung Ihrer Gesellschaft in den internationalen M\u00e4rkten. Wir sind der Auffassung; dass die Webseite ein Schaufenster einer Gesellschaft ist. Deshalb bieten wir Dienste mit der erforderlichen technischen, spekulativen und systematischen Infrastruktur und Erfahrung.[\/vc_column_text][\/vc_column][vc_column width=&#8220;1\/3&#8243;]<div data-id=\"mpc_image-6269d4e6436b646\" onclick=\"\" class=\"mpc-image mpc-init mpc-effect--reverse mpc-fullwidth \" ><div class=\"mpc-item mpc-transition\"><img loading=\"lazy\" decoding=\"async\" width=\"500\" height=\"500\" src=\"http:\/\/www.egelitercume.com\/wp-content\/uploads\/Web-Site-Tercumesi.jpg\" class=\"mpc-transition attachment-full\" alt=\"Web Site Tercumesi\" srcset=\"http:\/\/www.egelitercume.com\/wp-content\/uploads\/Web-Site-Tercumesi.jpg 500w, http:\/\/www.egelitercume.com\/wp-content\/uploads\/Web-Site-Tercumesi-150x150.jpg 150w, http:\/\/www.egelitercume.com\/wp-content\/uploads\/Web-Site-Tercumesi-300x300.jpg 300w\" sizes=\"auto, (max-width:767px) 500px, 500px\" \/><\/div><\/div>[\/vc_column][\/vc_row]<\/p>\n","protected":false},"excerpt":{"rendered":"<p>[vc_row][vc_column width=&#8220;2\/3&#8243;][vc_column_text]Webseite-\u00dcbersetzung Die Webseiten sind unerl\u00e4sslich f\u00fcr die Gesellschaften in einer stetigen entwickelnden Handelswelt. Vergessen Sie nicht bitte; dass die Webseite einer Gesellschaft auf mehrerer Sprache<\/p>\n","protected":false},"author":1,"featured_media":0,"parent":2332,"menu_order":0,"comment_status":"open","ping_status":"open","template":"","meta":{"footnotes":""},"yst_prominent_words":[],"class_list":["post-796","page","type-page","status-publish","hentry"],"_links":{"self":[{"href":"http:\/\/www.egelitercume.com\/de\/wp-json\/wp\/v2\/pages\/796","targetHints":{"allow":["GET"]}}],"collection":[{"href":"http:\/\/www.egelitercume.com\/de\/wp-json\/wp\/v2\/pages"}],"about":[{"href":"http:\/\/www.egelitercume.com\/de\/wp-json\/wp\/v2\/types\/page"}],"author":[{"embeddable":true,"href":"http:\/\/www.egelitercume.com\/de\/wp-json\/wp\/v2\/users\/1"}],"replies":[{"embeddable":true,"href":"http:\/\/www.egelitercume.com\/de\/wp-json\/wp\/v2\/comments?post=796"}],"version-history":[{"count":3,"href":"http:\/\/www.egelitercume.com\/de\/wp-json\/wp\/v2\/pages\/796\/revisions"}],"predecessor-version":[{"id":2346,"href":"http:\/\/www.egelitercume.com\/de\/wp-json\/wp\/v2\/pages\/796\/revisions\/2346"}],"up":[{"embeddable":true,"href":"http:\/\/www.egelitercume.com\/de\/wp-json\/wp\/v2\/pages\/2332"}],"wp:attachment":[{"href":"http:\/\/www.egelitercume.com\/de\/wp-json\/wp\/v2\/media?parent=796"}],"wp:term":[{"taxonomy":"yst_prominent_words","embeddable":true,"href":"http:\/\/www.egelitercume.com\/de\/wp-json\/wp\/v2\/yst_prominent_words?post=796"}],"curies":[{"name":"wp","href":"https:\/\/api.w.org\/{rel}","templated":true}]}}