{"id":792,"date":"2015-01-22T18:30:29","date_gmt":"2015-01-22T16:30:29","guid":{"rendered":"http:\/\/www.egelitercume.com\/hizmetlerimiz\/ticari-tercume\/"},"modified":"2017-12-26T16:19:03","modified_gmt":"2017-12-26T13:19:03","slug":"ticari-tercume","status":"publish","type":"page","link":"http:\/\/www.egelitercume.com\/de\/hizmetlerimiz\/ticari-tercume\/","title":{"rendered":"Kommerzielle \u00dcbersetzungen"},"content":{"rendered":"<p>[vc_row][vc_column width=&#8220;2\/3&#8243;][vc_column_text]<strong>Kommerzielle \u00dcbersetzungen<\/strong><\/p>\n<p>Kommerzielle \u00dcbersetzung hat eine grosse Bedeutung und umfasst mehrere Bereiche wie technische, finanzielle und juristische \u00dcbersetzungen. Unter dieser \u00dcbersetzung versteht man in der Regel die \u00dcbersetzung der Texte wie Handelsdokumente, Korrespondenzen, Berichte, Forschungen, Handelsangebote und Ausschreibungsdokumente.<\/p>\n<p><strong>Egeli \u00dcbersetzungsb\u00fcro<\/strong> hat Prinzipien wie rechtzeitige Abgabe aller kommerziellen \u00dcbersetzungen.<\/p>\n<p><strong>Unsere kommerzielle \u00dcbersetzungsdienste:<\/strong><\/p>\n<ul>\n<li>Mietvertr\u00e4ge<\/li>\n<li>Bauvertr\u00e4ge<\/li>\n<li>Franchisevertr\u00e4ge<\/li>\n<li>Darlehensvertr\u00e4ge<\/li>\n<li>Subunternehmer-Vertr\u00e4ge<\/li>\n<li>Garantiebriefe<\/li>\n<li>Gesellschaftsvertr\u00e4ge<\/li>\n<li>Lieferscheine<\/li>\n<li>Vermarktungsbericht<\/li>\n<li>Verkaufsbericht<\/li>\n<li>Vorstandsbeschluss<\/li>\n<li>Garantieschein<\/li>\n<li>Kaufvertr\u00e4ge<\/li>\n<li>Distributionsberichte<\/li>\n<li>Handelsblatt<\/li>\n<li>Tabelle<\/li>\n<li>Expertise-Berichte<\/li>\n<li>Ertragsrechnung<\/li>\n<li>Lizenzvertr\u00e4ge<\/li>\n<li>Dienstleistungsbedingungen<\/li>\n<li>Bewerbungen<\/li>\n<li>Mietvertr\u00e4ge<\/li>\n<li>Vertrag \u00fcber die Vertretung<\/li>\n<li>Vertrag \u00fcber Aktion\u00e4ren<\/li>\n<li>Vertrag \u00fcber Schifffahrt<\/li>\n<li>Vertraulichkeitsvertrag<\/li>\n<li>Gesellschaftsvertrag<\/li>\n<li>Hauptversammlung-Beschl\u00fcsse<\/li>\n<li>Gewerbebescheinigung<\/li>\n<li>Gesch\u00e4ftskorrespondenz<\/li>\n<li>Technische Spezifikation<\/li>\n<li>Unterschriftszirkulare<\/li>\n<li>Bilanz<\/li>\n<li>T\u00e4tigkeitsberichte<\/li>\n<li>Fertigungsberichte<\/li>\n<li>Kapitalbewegungsrechnung<\/li>\n<li>Versicherungsscheine<\/li>\n<li>Gewerbebescheinigung<\/li>\n<li>Ausschreibungsspezifikation<\/li>\n<\/ul>\n<p>[\/vc_column_text][\/vc_column][vc_column width=&#8220;1\/3&#8243;]<div data-id=\"mpc_image-1669d4d2362a8dc\" onclick=\"\" class=\"mpc-image mpc-init mpc-effect--reverse mpc-fullwidth \" ><div class=\"mpc-item mpc-transition\"><img loading=\"lazy\" decoding=\"async\" width=\"500\" height=\"500\" src=\"http:\/\/www.egelitercume.com\/wp-content\/uploads\/Ticari-Tercume.jpg\" class=\"mpc-transition attachment-full\" alt=\"Ticari Tercume\" srcset=\"http:\/\/www.egelitercume.com\/wp-content\/uploads\/Ticari-Tercume.jpg 500w, http:\/\/www.egelitercume.com\/wp-content\/uploads\/Ticari-Tercume-150x150.jpg 150w, http:\/\/www.egelitercume.com\/wp-content\/uploads\/Ticari-Tercume-300x300.jpg 300w\" sizes=\"auto, (max-width:767px) 500px, 500px\" \/><\/div><\/div>[\/vc_column][\/vc_row]<\/p>\n","protected":false},"excerpt":{"rendered":"<p>[vc_row][vc_column width=&#8220;2\/3&#8243;][vc_column_text]Kommerzielle \u00dcbersetzungen Kommerzielle \u00dcbersetzung hat eine grosse Bedeutung und umfasst mehrere Bereiche wie technische, finanzielle und juristische \u00dcbersetzungen. Unter dieser \u00dcbersetzung versteht man in der<\/p>\n","protected":false},"author":1,"featured_media":0,"parent":2332,"menu_order":0,"comment_status":"open","ping_status":"open","template":"","meta":{"footnotes":""},"yst_prominent_words":[],"class_list":["post-792","page","type-page","status-publish","hentry"],"_links":{"self":[{"href":"http:\/\/www.egelitercume.com\/de\/wp-json\/wp\/v2\/pages\/792","targetHints":{"allow":["GET"]}}],"collection":[{"href":"http:\/\/www.egelitercume.com\/de\/wp-json\/wp\/v2\/pages"}],"about":[{"href":"http:\/\/www.egelitercume.com\/de\/wp-json\/wp\/v2\/types\/page"}],"author":[{"embeddable":true,"href":"http:\/\/www.egelitercume.com\/de\/wp-json\/wp\/v2\/users\/1"}],"replies":[{"embeddable":true,"href":"http:\/\/www.egelitercume.com\/de\/wp-json\/wp\/v2\/comments?post=792"}],"version-history":[{"count":2,"href":"http:\/\/www.egelitercume.com\/de\/wp-json\/wp\/v2\/pages\/792\/revisions"}],"predecessor-version":[{"id":2360,"href":"http:\/\/www.egelitercume.com\/de\/wp-json\/wp\/v2\/pages\/792\/revisions\/2360"}],"up":[{"embeddable":true,"href":"http:\/\/www.egelitercume.com\/de\/wp-json\/wp\/v2\/pages\/2332"}],"wp:attachment":[{"href":"http:\/\/www.egelitercume.com\/de\/wp-json\/wp\/v2\/media?parent=792"}],"wp:term":[{"taxonomy":"yst_prominent_words","embeddable":true,"href":"http:\/\/www.egelitercume.com\/de\/wp-json\/wp\/v2\/yst_prominent_words?post=792"}],"curies":[{"name":"wp","href":"https:\/\/api.w.org\/{rel}","templated":true}]}}