{"id":788,"date":"2015-01-22T18:08:35","date_gmt":"2015-01-22T16:08:35","guid":{"rendered":"http:\/\/www.egelitercume.com\/hizmetlerimiz\/tibbi-tercume\/"},"modified":"2017-12-26T16:18:02","modified_gmt":"2017-12-26T13:18:02","slug":"tibbi-tercume","status":"publish","type":"page","link":"http:\/\/www.egelitercume.com\/de\/hizmetlerimiz\/tibbi-tercume\/","title":{"rendered":"Medizinische \u00dcbersetzungen"},"content":{"rendered":"<p>[vc_row][vc_column width=&#8220;2\/3&#8243;][vc_column_text]<strong>Medizinische \u00dcbersetzungen<\/strong><\/p>\n<p>Medizinische \u00dcbersetzung wird als eine der wichtigsten \u00dcbersetzungsarte betrachtet. Sorgfalt und Empfindlichkeit sind erforderlich f\u00fcr diese \u00dcbersetzungsart. In medizinischer Welt ist eine gute \u00dcbersetzung nicht Luxus, sie ist ein Bedarf.<\/p>\n<p>Medizinische \u00dcbersetzungen brauchen die Spezialisierung in dem Fach und diese \u00dcbersetzungen sind nur von den medizinischen \u00dcbersetzern gemacht.<\/p>\n<p>In<strong> Egeli \u00dcbersetzungsb\u00fcro<\/strong> sind alle erforderlichen medizinische \u00dcbersetzung von den erfahrenen und ausgebildeten \u00dcbersetzer gemacht.<strong><br \/>\n<\/strong><\/p>\n<p><strong>Unsere medizinische \u00dcbersetzungsdienste: <\/strong><\/p>\n<ul>\n<li>Gerichtsmedizinische Befunde<\/li>\n<li>Operationsberichte<\/li>\n<li>Analyseberichte<\/li>\n<li>Forschungsberichte<\/li>\n<li>Wissenschaftliche Arbeite<\/li>\n<li>Wissenschaftliche Artikeln<\/li>\n<li>Wissenschaftliche Berichte<\/li>\n<li>Arztberichte<\/li>\n<li>Patienteninformationen<\/li>\n<li>Patientenberichte<\/li>\n<li>Krankheiten<\/li>\n<li>Krankenhausberichte<\/li>\n<li>Medizinkataloge<\/li>\n<li>Medizinpatente<\/li>\n<li>Prospekte<\/li>\n<li>Medizineinf\u00fchrung<\/li>\n<li>Klinische Versuche<\/li>\n<li>Klinische Bericht<\/li>\n<li>Klinische Einf\u00fchrungsschreiben<\/li>\n<li>Kongresstexte<\/li>\n<li>Medizinische Instrumente<\/li>\n<li>Medizinische Ger\u00e4te<\/li>\n<li>Medizinische Ausr\u00fcstung<\/li>\n<li>Medizinische Produktpatente<\/li>\n<li>Medizinische Ver\u00f6ffentlichungen<\/li>\n<li>Patentanmeldungen<\/li>\n<li>Prospekte<\/li>\n<li>Berichte<\/li>\n<li>Rezepte<\/li>\n<li>Gesundheit<\/li>\n<li>Krankenschein<\/li>\n<li>Gesundheitszertifikat<\/li>\n<li>Analysenergebnisse<\/li>\n<li>Diagnose<\/li>\n<li>Behandlung<\/li>\n<li>Medizinische Instrumente<\/li>\n<li>Medizinische Dokumente<\/li>\n<li>Patent f\u00fcr medizinisches Ger\u00e4t<\/li>\n<li>Technische Spezifikation f\u00fcr medizinisches Ger\u00e4t<\/li>\n<li>Medizinische Ger\u00e4te und Instrumente<\/li>\n<li>Medizinische Ausr\u00fcstungen<\/li>\n<li>Medizinb\u00fccher<\/li>\n<li>Medizinische Kongresspr\u00e4sentationen<\/li>\n<li>Medizinische Artikeln<\/li>\n<li>Medizinische Berichte<\/li>\n<li>Medizinische Diagnose und Behandlungsger\u00e4te<\/li>\n<li>Medizinische Anwendungen<\/li>\n<li>Brosch\u00fcren f\u00fcr medizinische Produkte<\/li>\n<li>Medizinische Produktlizenz<\/li>\n<li>Lizenz- und Patentbescheinigung f\u00fcr medizinische Produkte<\/li>\n<li>Medizinische Ger\u00e4te<\/li>\n<li>Medizinb\u00fccher<\/li>\n<li>Medizinische und Medikamente Produkte<\/li>\n<li>Gutachten<\/li>\n<\/ul>\n<p>[\/vc_column_text][\/vc_column][vc_column width=&#8220;1\/3&#8243;]<div data-id=\"mpc_image-369da273bb4700\" onclick=\"\" class=\"mpc-image mpc-init mpc-effect--reverse mpc-fullwidth \" ><div class=\"mpc-item mpc-transition\"><img loading=\"lazy\" decoding=\"async\" width=\"500\" height=\"500\" src=\"http:\/\/www.egelitercume.com\/wp-content\/uploads\/Tibbi-Tercume.jpg\" class=\"mpc-transition attachment-full\" alt=\"Tibbi Tercume\" srcset=\"http:\/\/www.egelitercume.com\/wp-content\/uploads\/Tibbi-Tercume.jpg 500w, http:\/\/www.egelitercume.com\/wp-content\/uploads\/Tibbi-Tercume-150x150.jpg 150w, http:\/\/www.egelitercume.com\/wp-content\/uploads\/Tibbi-Tercume-300x300.jpg 300w\" sizes=\"auto, (max-width:767px) 500px, 500px\" \/><\/div><\/div>[\/vc_column][\/vc_row]<\/p>\n","protected":false},"excerpt":{"rendered":"<p>[vc_row][vc_column width=&#8220;2\/3&#8243;][vc_column_text]Medizinische \u00dcbersetzungen Medizinische \u00dcbersetzung wird als eine der wichtigsten \u00dcbersetzungsarte betrachtet. Sorgfalt und Empfindlichkeit sind erforderlich f\u00fcr diese \u00dcbersetzungsart. In medizinischer Welt ist eine gute<\/p>\n","protected":false},"author":1,"featured_media":0,"parent":2332,"menu_order":0,"comment_status":"open","ping_status":"open","template":"","meta":{"footnotes":""},"yst_prominent_words":[],"class_list":["post-788","page","type-page","status-publish","hentry"],"_links":{"self":[{"href":"http:\/\/www.egelitercume.com\/de\/wp-json\/wp\/v2\/pages\/788","targetHints":{"allow":["GET"]}}],"collection":[{"href":"http:\/\/www.egelitercume.com\/de\/wp-json\/wp\/v2\/pages"}],"about":[{"href":"http:\/\/www.egelitercume.com\/de\/wp-json\/wp\/v2\/types\/page"}],"author":[{"embeddable":true,"href":"http:\/\/www.egelitercume.com\/de\/wp-json\/wp\/v2\/users\/1"}],"replies":[{"embeddable":true,"href":"http:\/\/www.egelitercume.com\/de\/wp-json\/wp\/v2\/comments?post=788"}],"version-history":[{"count":2,"href":"http:\/\/www.egelitercume.com\/de\/wp-json\/wp\/v2\/pages\/788\/revisions"}],"predecessor-version":[{"id":2355,"href":"http:\/\/www.egelitercume.com\/de\/wp-json\/wp\/v2\/pages\/788\/revisions\/2355"}],"up":[{"embeddable":true,"href":"http:\/\/www.egelitercume.com\/de\/wp-json\/wp\/v2\/pages\/2332"}],"wp:attachment":[{"href":"http:\/\/www.egelitercume.com\/de\/wp-json\/wp\/v2\/media?parent=788"}],"wp:term":[{"taxonomy":"yst_prominent_words","embeddable":true,"href":"http:\/\/www.egelitercume.com\/de\/wp-json\/wp\/v2\/yst_prominent_words?post=788"}],"curies":[{"name":"wp","href":"https:\/\/api.w.org\/{rel}","templated":true}]}}