{"id":784,"date":"2015-01-22T18:06:40","date_gmt":"2015-01-22T16:06:40","guid":{"rendered":"http:\/\/www.egelitercume.com\/hizmetlerimiz\/teknik-tercume\/"},"modified":"2017-12-26T16:20:26","modified_gmt":"2017-12-26T13:20:26","slug":"teknik-tercume","status":"publish","type":"page","link":"http:\/\/www.egelitercume.com\/de\/hizmetlerimiz\/teknik-tercume\/","title":{"rendered":"Technische \u00dcbersetzungen"},"content":{"rendered":"<p>[vc_row][vc_column width=&#8220;2\/3&#8243;][vc_column_text]<strong>Technische \u00dcbersetzungen<\/strong><\/p>\n<p>Technische \u00dcbersetzung bedeutet die Dokument\u00fcbersetzung wieTechnische-Service- Schulungshandbuch, Technik- und Ausschreibungsspezifikationen, Gebrauchsanweisungen. Bei dieser \u00dcbersetzungsart soll der \u00dcbersetzer das betreffende Thema gut beherrschen. Wenn die \u00dcbersetzer vorige \u00fcbersetzte Texte \u00fcberpr\u00fcfen, k\u00f6nnen sie dar\u00fcber terminologische Kenntnisse haben.<\/p>\n<p><strong>Technische \u00dcbersetzungsdiente:<\/strong><\/p>\n<ul>\n<li>Gebrauchsanweisungen<\/li>\n<li>\u00dcbersetzung der Spezifikationen<\/li>\n<li>\u00dcbersetzung von Produktidentit\u00e4ten und Verpackungen<\/li>\n<li>\u00dcbersetzung von Technische-Service- Schulungshandbuch<\/li>\n<li>\u00dcbersetzung von Pflege- und Reparatur-Handb\u00fccher und Gebrauchsanweisungen<\/li>\n<li>Ausschreibungsdokumente<\/li>\n<li>Katalog\u00fcbersetzung<\/li>\n<li>\u00dcbersetzung der Ingenieurdokumente<\/li>\n<li>\u00dcbersetzung der Qualit\u00e4tszertifikate<\/li>\n<li>\u00dcbersetzung der Zolldokumente<\/li>\n<li>\u00dcbersetzung der Produktionsberichte<\/li>\n<li>\u00dcbersetzung der Prozesse<\/li>\n<\/ul>\n<p><strong>Egeli \u00dcbersetzungsb\u00fcro <\/strong>\u00fcbersetzt Ihre technische \u00dcbersetzungsprojekte mit den erfahrenen \u00dcbersetzer \u00fcber technische und industrielle Themen. Unsere \u00dcbersetzer haben dar\u00fcber eine gute Sprachkenntnisse und auch Erfahrung und Ausbildung \u00fcber Ingenieur- und Naturwissenschaften.[\/vc_column_text][\/vc_column][vc_column width=&#8220;1\/3&#8243;]<div data-id=\"mpc_image-8969da272b34df9\" onclick=\"\" class=\"mpc-image mpc-init mpc-effect--reverse mpc-fullwidth \" ><div class=\"mpc-item mpc-transition\"><img loading=\"lazy\" decoding=\"async\" width=\"500\" height=\"500\" src=\"http:\/\/www.egelitercume.com\/wp-content\/uploads\/Teknik-Tercume.jpg\" class=\"mpc-transition attachment-full\" alt=\"Teknik Tercume\" srcset=\"http:\/\/www.egelitercume.com\/wp-content\/uploads\/Teknik-Tercume.jpg 500w, http:\/\/www.egelitercume.com\/wp-content\/uploads\/Teknik-Tercume-150x150.jpg 150w, http:\/\/www.egelitercume.com\/wp-content\/uploads\/Teknik-Tercume-300x300.jpg 300w\" sizes=\"auto, (max-width:767px) 500px, 500px\" \/><\/div><\/div>[\/vc_column][\/vc_row]<\/p>\n","protected":false},"excerpt":{"rendered":"<p>[vc_row][vc_column width=&#8220;2\/3&#8243;][vc_column_text]Technische \u00dcbersetzungen Technische \u00dcbersetzung bedeutet die Dokument\u00fcbersetzung wieTechnische-Service- Schulungshandbuch, Technik- und Ausschreibungsspezifikationen, Gebrauchsanweisungen. Bei dieser \u00dcbersetzungsart soll der \u00dcbersetzer das betreffende Thema gut beherrschen. Wenn<\/p>\n","protected":false},"author":1,"featured_media":0,"parent":2332,"menu_order":0,"comment_status":"open","ping_status":"open","template":"","meta":{"footnotes":""},"yst_prominent_words":[],"class_list":["post-784","page","type-page","status-publish","hentry"],"_links":{"self":[{"href":"http:\/\/www.egelitercume.com\/de\/wp-json\/wp\/v2\/pages\/784","targetHints":{"allow":["GET"]}}],"collection":[{"href":"http:\/\/www.egelitercume.com\/de\/wp-json\/wp\/v2\/pages"}],"about":[{"href":"http:\/\/www.egelitercume.com\/de\/wp-json\/wp\/v2\/types\/page"}],"author":[{"embeddable":true,"href":"http:\/\/www.egelitercume.com\/de\/wp-json\/wp\/v2\/users\/1"}],"replies":[{"embeddable":true,"href":"http:\/\/www.egelitercume.com\/de\/wp-json\/wp\/v2\/comments?post=784"}],"version-history":[{"count":3,"href":"http:\/\/www.egelitercume.com\/de\/wp-json\/wp\/v2\/pages\/784\/revisions"}],"predecessor-version":[{"id":2366,"href":"http:\/\/www.egelitercume.com\/de\/wp-json\/wp\/v2\/pages\/784\/revisions\/2366"}],"up":[{"embeddable":true,"href":"http:\/\/www.egelitercume.com\/de\/wp-json\/wp\/v2\/pages\/2332"}],"wp:attachment":[{"href":"http:\/\/www.egelitercume.com\/de\/wp-json\/wp\/v2\/media?parent=784"}],"wp:term":[{"taxonomy":"yst_prominent_words","embeddable":true,"href":"http:\/\/www.egelitercume.com\/de\/wp-json\/wp\/v2\/yst_prominent_words?post=784"}],"curies":[{"name":"wp","href":"https:\/\/api.w.org\/{rel}","templated":true}]}}