{"id":780,"date":"2015-01-22T18:05:32","date_gmt":"2015-01-22T16:05:32","guid":{"rendered":"http:\/\/www.egelitercume.com\/hizmetlerimiz\/simultane-tercume\/"},"modified":"2017-12-26T16:21:40","modified_gmt":"2017-12-26T13:21:40","slug":"simultane-tercume","status":"publish","type":"page","link":"http:\/\/www.egelitercume.com\/de\/hizmetlerimiz\/simultane-tercume\/","title":{"rendered":"Simultane \u00dcbersetzungen"},"content":{"rendered":"<p>[vc_row][vc_column width=&#8220;2\/3&#8243;][vc_column_text]<strong>Simultane \u00dcbersetzungen<br \/>\n<\/strong><\/p>\n<p>Simultane \u00dcbersetzung ist auch als gleichzeitige \u00dcbersetzung genannt. In dieser \u00dcbersetzungsart werden die \u00dcbersetzer die Pr\u00e4sentationen der Sprecher, die Geh\u00f6re durch den Kopfh\u00f6rer in einer \u00dcbersetzungskabine, die entsprechend den Normen ist und Schalld\u00e4mmung und technische Ausr\u00fcstung hat, in die gew\u00fcnschte Zielsprache ohne zeitliche Sprung \u00fcbersetzend zu den H\u00f6rern \u00fcbertragen.<\/p>\n<p>Obwohl dieses Verfahren ganz einfach aussieht, ist es abh\u00e4ngig von sowohl der koordinierten Arbeit von \u00dcbersetzer und Technik-Team als auch Modernisierung der Ausr\u00fcstung mit der technischen Infrastruktur.<\/p>\n<p>Simultane \u00dcbersetzer sind dar\u00fcber ausgebildet und erfahren. F\u00fcr simultane \u00dcbersetzung arbeiten mindestens zwei \u00dcbersetzer in einer Kabine und sie \u00fcbersetzen abwechselnd in jeder Halbstunde.<\/p>\n<p>Simultane \u00dcbersetzung ist ziemlich erforderlich in dem Mediensektor f\u00fcr die \u00dcbersetzung der TV Programme und Livesendungen.<\/p>\n<p>Wegen der Globalisierung und internationaler Entwicklung ist diese \u00dcbersetzungsart meistens in den internationalen Organisationen wie Symposium, Seminare, Konferenzen, Kongresse und Schulungen bevorzugt.<\/p>\n<p>In diesem Bereich<strong> bietet Egeli \u00dcbersetzungsb\u00fcro<\/strong> simultane \u00dcbersetzungsdienste f\u00fcr internationalen und nationalen Institutionen und Organisationen:<\/p>\n<ul>\n<li>Schulung<\/li>\n<li>Konferenzen<\/li>\n<li>Symposiums<\/li>\n<li>Presseerkl\u00e4rungen<\/li>\n<li>TV-Programme<\/li>\n<li>Livesendungen<\/li>\n<li>Kongressen<\/li>\n<li>Sitzungen<\/li>\n<li>Seminaren usw.<\/li>\n<\/ul>\n<p>[\/vc_column_text][\/vc_column][vc_column width=&#8220;1\/3&#8243;]<div data-id=\"mpc_image-6169da273c48914\" onclick=\"\" class=\"mpc-image mpc-init mpc-effect--reverse mpc-fullwidth \" ><div class=\"mpc-item mpc-transition\"><img loading=\"lazy\" decoding=\"async\" width=\"500\" height=\"500\" src=\"http:\/\/www.egelitercume.com\/wp-content\/uploads\/Simultane-Tercume.jpg\" class=\"mpc-transition attachment-full\" alt=\"Simultane Tercume\" srcset=\"http:\/\/www.egelitercume.com\/wp-content\/uploads\/Simultane-Tercume.jpg 500w, http:\/\/www.egelitercume.com\/wp-content\/uploads\/Simultane-Tercume-150x150.jpg 150w, http:\/\/www.egelitercume.com\/wp-content\/uploads\/Simultane-Tercume-300x300.jpg 300w\" sizes=\"auto, (max-width:767px) 500px, 500px\" \/><\/div><\/div>[\/vc_column][\/vc_row]<\/p>\n","protected":false},"excerpt":{"rendered":"<p>[vc_row][vc_column width=&#8220;2\/3&#8243;][vc_column_text]Simultane \u00dcbersetzungen Simultane \u00dcbersetzung ist auch als gleichzeitige \u00dcbersetzung genannt. In dieser \u00dcbersetzungsart werden die \u00dcbersetzer die Pr\u00e4sentationen der Sprecher, die Geh\u00f6re durch den Kopfh\u00f6rer<\/p>\n","protected":false},"author":1,"featured_media":0,"parent":2332,"menu_order":0,"comment_status":"open","ping_status":"open","template":"","meta":{"footnotes":""},"yst_prominent_words":[],"class_list":["post-780","page","type-page","status-publish","hentry"],"_links":{"self":[{"href":"http:\/\/www.egelitercume.com\/de\/wp-json\/wp\/v2\/pages\/780","targetHints":{"allow":["GET"]}}],"collection":[{"href":"http:\/\/www.egelitercume.com\/de\/wp-json\/wp\/v2\/pages"}],"about":[{"href":"http:\/\/www.egelitercume.com\/de\/wp-json\/wp\/v2\/types\/page"}],"author":[{"embeddable":true,"href":"http:\/\/www.egelitercume.com\/de\/wp-json\/wp\/v2\/users\/1"}],"replies":[{"embeddable":true,"href":"http:\/\/www.egelitercume.com\/de\/wp-json\/wp\/v2\/comments?post=780"}],"version-history":[{"count":3,"href":"http:\/\/www.egelitercume.com\/de\/wp-json\/wp\/v2\/pages\/780\/revisions"}],"predecessor-version":[{"id":2371,"href":"http:\/\/www.egelitercume.com\/de\/wp-json\/wp\/v2\/pages\/780\/revisions\/2371"}],"up":[{"embeddable":true,"href":"http:\/\/www.egelitercume.com\/de\/wp-json\/wp\/v2\/pages\/2332"}],"wp:attachment":[{"href":"http:\/\/www.egelitercume.com\/de\/wp-json\/wp\/v2\/media?parent=780"}],"wp:term":[{"taxonomy":"yst_prominent_words","embeddable":true,"href":"http:\/\/www.egelitercume.com\/de\/wp-json\/wp\/v2\/yst_prominent_words?post=780"}],"curies":[{"name":"wp","href":"https:\/\/api.w.org\/{rel}","templated":true}]}}