{"id":772,"date":"2015-01-22T17:58:22","date_gmt":"2015-01-22T15:58:22","guid":{"rendered":"http:\/\/www.egelitercume.com\/hizmetlerimiz\/multimedya-tercume\/"},"modified":"2017-12-26T16:23:39","modified_gmt":"2017-12-26T13:23:39","slug":"multimedya-tercume","status":"publish","type":"page","link":"http:\/\/www.egelitercume.com\/de\/hizmetlerimiz\/multimedya-tercume\/","title":{"rendered":"Multimedia-\u00dcbersetzung"},"content":{"rendered":"<p>[vc_row][vc_column width=&#8220;2\/3&#8243;][vc_column_text]<strong>Multimedia-\u00dcbersetzung<\/strong><\/p>\n<p>Unter dieser \u00dcbersetzung versteht man die \u00dcbersetzung aller audiovisuellen Media- oder Multimedia-Daten einschlie\u00dflich von Multimedia-Texte, Festbilder, Erscheinungen, Ton, Musik, Gespr\u00e4che und Videos.<\/p>\n<p>Mit dem erfahrenen Fachkraftsteam, dem hochqualit\u00e4ten Dienstleistungskonzept, der rechtzeitigen Abgabepolitik und der stark technischen Infrastruktur bietet<strong> Egeli \u00dcbersetzungsb\u00fcro <\/strong>optimale Media- und Multimedia- Entschl\u00fcsselungsdienste f\u00fcr die \u00dcbersetzung der Media- oder Multimedia-Daten. <strong>Egeli \u00dcbersetzungsb\u00fcro <\/strong>wird die \u00dcbersetzung ihrer Dokumenten im Originalformat, wunschgem\u00e4\u00df und rechtzeitig abgeben.<\/p>\n<p><strong>Unsere \u00dcbersetzungsdienste f\u00fcr Multimedia-Arbeite:<\/strong><\/p>\n<ul>\n<li>Untertitel<\/li>\n<li>CD, DVD, Blu-Ray<\/li>\n<li>Videoprojekte<\/li>\n<li>Tonbandaufnahme<\/li>\n<li>Serie- und Filmprojekte<\/li>\n<li>Pr\u00e4sentationsakte (PowerPoint, usw.)<\/li>\n<li>Werbung- und Einf\u00fchrungsdokumente<\/li>\n<li>\u00dcbersetzung der Weiseiten<\/li>\n<li>E-Magazine<\/li>\n<li>B\u00fccher, Kataloge, Magazine, Brosch\u00fcre<\/li>\n<\/ul>\n<p>[\/vc_column_text][\/vc_column][vc_column width=&#8220;1\/3&#8243;]<div data-id=\"mpc_image-369da272a72b42\" onclick=\"\" class=\"mpc-image mpc-init mpc-effect--reverse mpc-fullwidth \" ><div class=\"mpc-item mpc-transition\"><img loading=\"lazy\" decoding=\"async\" width=\"500\" height=\"500\" src=\"http:\/\/www.egelitercume.com\/wp-content\/uploads\/Altyazi-Tercume.jpg\" class=\"mpc-transition attachment-full\" alt=\"multimedya tercume\" srcset=\"http:\/\/www.egelitercume.com\/wp-content\/uploads\/Altyazi-Tercume.jpg 500w, http:\/\/www.egelitercume.com\/wp-content\/uploads\/Altyazi-Tercume-150x150.jpg 150w, http:\/\/www.egelitercume.com\/wp-content\/uploads\/Altyazi-Tercume-300x300.jpg 300w\" sizes=\"auto, (max-width:767px) 500px, 500px\" \/><\/div><\/div>[\/vc_column][\/vc_row]<\/p>\n","protected":false},"excerpt":{"rendered":"<p>[vc_row][vc_column width=&#8220;2\/3&#8243;][vc_column_text]Multimedia-\u00dcbersetzung Unter dieser \u00dcbersetzung versteht man die \u00dcbersetzung aller audiovisuellen Media- oder Multimedia-Daten einschlie\u00dflich von Multimedia-Texte, Festbilder, Erscheinungen, Ton, Musik, Gespr\u00e4che und Videos. Mit dem<\/p>\n","protected":false},"author":1,"featured_media":0,"parent":2332,"menu_order":0,"comment_status":"open","ping_status":"open","template":"","meta":{"footnotes":""},"yst_prominent_words":[],"class_list":["post-772","page","type-page","status-publish","hentry"],"_links":{"self":[{"href":"http:\/\/www.egelitercume.com\/de\/wp-json\/wp\/v2\/pages\/772","targetHints":{"allow":["GET"]}}],"collection":[{"href":"http:\/\/www.egelitercume.com\/de\/wp-json\/wp\/v2\/pages"}],"about":[{"href":"http:\/\/www.egelitercume.com\/de\/wp-json\/wp\/v2\/types\/page"}],"author":[{"embeddable":true,"href":"http:\/\/www.egelitercume.com\/de\/wp-json\/wp\/v2\/users\/1"}],"replies":[{"embeddable":true,"href":"http:\/\/www.egelitercume.com\/de\/wp-json\/wp\/v2\/comments?post=772"}],"version-history":[{"count":3,"href":"http:\/\/www.egelitercume.com\/de\/wp-json\/wp\/v2\/pages\/772\/revisions"}],"predecessor-version":[{"id":2381,"href":"http:\/\/www.egelitercume.com\/de\/wp-json\/wp\/v2\/pages\/772\/revisions\/2381"}],"up":[{"embeddable":true,"href":"http:\/\/www.egelitercume.com\/de\/wp-json\/wp\/v2\/pages\/2332"}],"wp:attachment":[{"href":"http:\/\/www.egelitercume.com\/de\/wp-json\/wp\/v2\/media?parent=772"}],"wp:term":[{"taxonomy":"yst_prominent_words","embeddable":true,"href":"http:\/\/www.egelitercume.com\/de\/wp-json\/wp\/v2\/yst_prominent_words?post=772"}],"curies":[{"name":"wp","href":"https:\/\/api.w.org\/{rel}","templated":true}]}}