{"id":756,"date":"2015-01-22T16:58:05","date_gmt":"2015-01-22T14:58:05","guid":{"rendered":"http:\/\/www.egelitercume.com\/hizmetlerimiz\/akademik-tercume\/"},"modified":"2017-12-26T15:26:26","modified_gmt":"2017-12-26T12:26:26","slug":"akademik-tercume","status":"publish","type":"page","link":"http:\/\/www.egelitercume.com\/de\/hizmetlerimiz\/akademik-tercume\/","title":{"rendered":"Akademische \u00dcbersetzungen"},"content":{"rendered":"<p>[vc_row][vc_column width=&#8220;2\/3&#8243;][vc_column_text]<strong>Akademische \u00dcbersetzungen<br \/>\n<\/strong><\/p>\n<p>\u201eAkademische \u00dcbersetzungen\u201c oder \u201eWissenschaftliche \u00dcbersetzungen\u201c hei\u00dft \u00dcbersetzungsprojekte in gew\u00fcnschte Sprache der Arbeite wie weltweit ver\u00f6ffentlichte akademische Artikeln, Thesen, Aufgaben, Projekte, Berichte und Pr\u00e4sentationen.<\/p>\n<p><strong>Wir, als Egeli \u00dcbersetzungsb\u00fcro,<\/strong> bieten Dienstleistung in mehreren Sprachen<\/p>\n<p>f\u00fcr 7\/24 Stunde mit hoher Qualit\u00e4t und g\u00fcnstigem Preis und mit Hilfe unserer hochgebildeten Fachleuten.<strong><br \/>\n<\/strong><\/p>\n<p><strong> Unsere \u00dcbersetzungsdienste f\u00fcr Akademische Arbeite:<\/strong><\/p>\n<ul>\n<li>Artikeln<\/li>\n<li>Forschungen<\/li>\n<li>Projekte<\/li>\n<li>Pr\u00e4sentationen<\/li>\n<li>Berichte<\/li>\n<li>Aufgabe<\/li>\n<li>Magazine<\/li>\n<li>Diplomarbeite, Magisterarbeite und Doktorarbeite<\/li>\n<li>Abschlusszeugnis<\/li>\n<li>Studienbuch<\/li>\n<li>Gleichwertigkeitsbescheinigung<\/li>\n<li>Referenzbrief<\/li>\n<li>Pr\u00fcfungszeugnis<\/li>\n<\/ul>\n<p>[\/vc_column_text][\/vc_column][vc_column width=&#8220;1\/3&#8243;]<div data-id=\"mpc_image-369e0c05f4df68\" onclick=\"\" class=\"mpc-image mpc-init mpc-effect--reverse mpc-fullwidth \" ><div class=\"mpc-item mpc-transition\"><img loading=\"lazy\" decoding=\"async\" width=\"500\" height=\"500\" src=\"http:\/\/www.egelitercume.com\/wp-content\/uploads\/Akademik-Tercume.jpg\" class=\"mpc-transition attachment-full\" alt=\"Akademik Tercume\" srcset=\"http:\/\/www.egelitercume.com\/wp-content\/uploads\/Akademik-Tercume.jpg 500w, http:\/\/www.egelitercume.com\/wp-content\/uploads\/Akademik-Tercume-150x150.jpg 150w, http:\/\/www.egelitercume.com\/wp-content\/uploads\/Akademik-Tercume-300x300.jpg 300w\" sizes=\"auto, (max-width:767px) 500px, 500px\" \/><\/div><\/div>[\/vc_column][\/vc_row]<\/p>\n","protected":false},"excerpt":{"rendered":"<p>[vc_row][vc_column width=&#8220;2\/3&#8243;][vc_column_text]Akademische \u00dcbersetzungen \u201eAkademische \u00dcbersetzungen\u201c oder \u201eWissenschaftliche \u00dcbersetzungen\u201c hei\u00dft \u00dcbersetzungsprojekte in gew\u00fcnschte Sprache der Arbeite wie weltweit ver\u00f6ffentlichte akademische Artikeln, Thesen, Aufgaben, Projekte, Berichte und Pr\u00e4sentationen.<\/p>\n","protected":false},"author":1,"featured_media":0,"parent":2332,"menu_order":0,"comment_status":"open","ping_status":"open","template":"","meta":{"footnotes":""},"yst_prominent_words":[],"class_list":["post-756","page","type-page","status-publish","hentry"],"_links":{"self":[{"href":"http:\/\/www.egelitercume.com\/de\/wp-json\/wp\/v2\/pages\/756","targetHints":{"allow":["GET"]}}],"collection":[{"href":"http:\/\/www.egelitercume.com\/de\/wp-json\/wp\/v2\/pages"}],"about":[{"href":"http:\/\/www.egelitercume.com\/de\/wp-json\/wp\/v2\/types\/page"}],"author":[{"embeddable":true,"href":"http:\/\/www.egelitercume.com\/de\/wp-json\/wp\/v2\/users\/1"}],"replies":[{"embeddable":true,"href":"http:\/\/www.egelitercume.com\/de\/wp-json\/wp\/v2\/comments?post=756"}],"version-history":[{"count":2,"href":"http:\/\/www.egelitercume.com\/de\/wp-json\/wp\/v2\/pages\/756\/revisions"}],"predecessor-version":[{"id":2339,"href":"http:\/\/www.egelitercume.com\/de\/wp-json\/wp\/v2\/pages\/756\/revisions\/2339"}],"up":[{"embeddable":true,"href":"http:\/\/www.egelitercume.com\/de\/wp-json\/wp\/v2\/pages\/2332"}],"wp:attachment":[{"href":"http:\/\/www.egelitercume.com\/de\/wp-json\/wp\/v2\/media?parent=756"}],"wp:term":[{"taxonomy":"yst_prominent_words","embeddable":true,"href":"http:\/\/www.egelitercume.com\/de\/wp-json\/wp\/v2\/yst_prominent_words?post=756"}],"curies":[{"name":"wp","href":"https:\/\/api.w.org\/{rel}","templated":true}]}}